{"id":93,"date":"2024-09-06T19:07:23","date_gmt":"2024-09-06T19:07:23","guid":{"rendered":"https:\/\/casachangomexico.com\/?page_id=93"},"modified":"2024-09-06T19:07:26","modified_gmt":"2024-09-06T19:07:26","slug":"getting-to-casa-chango-from-huatulco-airport","status":"publish","type":"page","link":"https:\/\/casachangomexico.com\/es\/getting-to-casa-chango-from-huatulco-airport\/","title":{"rendered":"C\u00f3mo llegar a Casa Chango desde el aeropuerto de Huatulco"},"content":{"rendered":"<h2 class=\"wp-block-heading has-text-align-center\">C\u00f3mo llegar a Casa Chango desde el aeropuerto de Huatulco<\/h2>\n\n\n\n<figure class=\"wp-block-image\"><img decoding=\"async\" src=\"https:\/\/lovefest2018.files.wordpress.com\/2017\/02\/screen-shot-2017-04-22-at-4-34-46-pm.png?w=700\" alt=\"Screen Shot 2017-04-22 at 4.34.46 PM\" class=\"wp-image-252\"\/><\/figure>\n\n\n\n<p class=\"\"><strong>El aeropuerto m\u00e1s cercano para volar es Puerto Escondido (PXM).<\/strong><\/p>\n\n\n\n<p class=\"\"><strong>Tambi\u00e9n puedes volar directamente a Huatulco (HUX)<\/strong> desde Canad\u00e1 y Estados Unidos, que est\u00e1 a unas 2,5 horas en autob\u00fas y 1,5 horas en taxi. M\u00e1s informaci\u00f3n a continuaci\u00f3n. WestJet, Air Canada y Sunwing vuelan directamente a Huatulco desde Toronto y Calgary. Varias aerol\u00edneas estadounidenses vuelan a Huatulco, como United y American Airlines.<\/p>\n\n\n\n<h3 class=\"wp-block-heading\">Opciones para llegar desde el aeropuerto de Huatulco a Casa Chango:<\/h3>\n\n\n\n<ol class=\"wp-block-list\">\n<li class=\"\">Toma el autob\u00fas SUR con aire acondicionado.<\/li>\n\n\n\n<li class=\"\">Toma un transporte colectivo sin aire acondicionado.<\/li>\n\n\n\n<li class=\"\">Toma un transporte colectivo o taxi del aeropuerto (el m\u00e1s caro).<\/li>\n\n\n\n<li class=\"\">Toma un taxi que no sea del aeropuerto.<\/li>\n<\/ol>\n\n\n\n<p class=\"\"><strong>Taxi\/Servicio de transporte del aeropuerto:<\/strong>\u00a0 La forma m\u00e1s f\u00e1cil es tomar un taxi o servicio de transporte dentro del aeropuerto. Estos servicios de transporte son mucho m\u00e1s caros que un taxi normal. Dile al conductor que vas a Barra de Navidad justo antes de Puerto Escondido. Consulta las indicaciones y el mapa a continuaci\u00f3n.\u00a0\u00a0<a href=\"https:\/\/goo.gl\/maps\/DT2qRUu6qCrwJ8jD9\" target=\"_blank\" rel=\"noreferrer noopener\">Aqu\u00ed tienes el enlace a Casa Chango en Google Maps.<\/a><\/p>\n\n\n\n<p class=\"\"><strong>Taxi privado (no aeropuerto):<\/strong>\u00a0 Si prefieres un taxi privado, pero quieres ahorrar dinero, puedes caminar hasta la calle principal (a unos 5 minutos a pie) y tomar un taxi urbano. El precio ronda los $2000 MXN. Indica al conductor que va a Barra de Navidad (justo antes de Puerto Escondido). Ve las indicaciones y el mapa a continuaci\u00f3n.\u00a0 <a href=\"https:\/\/goo.gl\/maps\/DT2qRUu6qCrwJ8jD9\" target=\"_blank\" rel=\"noreferrer noopener\">Aqu\u00ed tienes el enlace a Casa Chango en Google Maps.<\/a><\/p>\n\n\n\n<p class=\"\"><strong>Organice un Taxi Privado con antelaci\u00f3n<\/strong>: Cont\u00e1ctanos a CasaChangoMexico@gmail.com y te ayudaremos a organizar un taxi con antelaci\u00f3n a tu viaje.<\/p>\n\n\n\n<p class=\"\"><strong>Colectivos y Autob\u00fas SUR:&nbsp;<\/strong> Para viajeros con presupuesto ajustado, recomendamos el autob\u00fas SUR o colectivos m\u00e1s peque\u00f1os. Ambos autobuses paran en la esquina de la autopista, justo afuera de la entrada del aeropuerto (a 5 minutos a pie del aeropuerto). Contin\u00faa leyendo para obtener instrucciones.<\/p>\n\n\n\n<hr class=\"wp-block-separator has-alpha-channel-opacity\"\/>\n\n\n\n<h3 class=\"wp-block-heading\"><strong>La forma m\u00e1s barata de llegar desde Huatulco a Puerto Escondido es en autob\u00fas.<\/strong><\/h3>\n\n\n\n<p class=\"\">El autob\u00fas cuesta unos 200 pesos. (Este precio puede variar, as\u00ed que aseg\u00farate de llevar algunos pesos extra por si acaso). Recomendamos esta opci\u00f3n a viajeros experimentados o que hablen algo de espa\u00f1ol. El autob\u00fas pasa aproximadamente cada hora durante el d\u00eda. Para justo a la derecha de la entrada del aeropuerto, aproximadamente 15 minutos despu\u00e9s de cada hora. Dice \"SUR\" y se ve as\u00ed\u2026<\/p>\n\n\n\n<figure class=\"wp-block-image aligncenter\"><img data-recalc-dims=\"1\" decoding=\"async\" src=\"https:\/\/lovefest2018.files.wordpress.com\/2017\/02\/img_8500.jpg?w=333&#038;h=443&#038;fit=333%2C443\" alt=\"IMG_8500\" class=\"wp-image-200\"\/><\/figure>\n\n\n\n<p class=\"\">Solo tienes que caminar desde la terminal de llegadas (el aeropuerto de Huatulco es muy peque\u00f1o y solo tiene una terminal) hasta la carretera principal. Tardar\u00e1s cinco minutos. Justo enfrente del aeropuerto hay una gasolinera con un letrero de Pemex (puedes verlo en la foto de arriba). Al salir de la puerta del aeropuerto, mira a la derecha y camina unos pasos. Esta es la parada de autob\u00fas. No est\u00e1 se\u00f1alizada, pero casi seguro habr\u00e1 otras personas esperando, \u00a1incluso turistas como t\u00fa!&nbsp;<strong>Como en esta foto:<\/strong><\/p>\n\n\n\n<figure class=\"wp-block-image aligncenter\"><img data-recalc-dims=\"1\" decoding=\"async\" src=\"https:\/\/lovefest2018.files.wordpress.com\/2017\/02\/img_8496.jpg?w=447&#038;h=335&#038;fit=447%2C335\" alt=\"IMG_8496\" class=\"wp-image-199\"\/><\/figure>\n\n\n\n<p class=\"\"><strong>Cuando llegue el autob\u00fas,<\/strong>\u00a0verifica con el conductor que pare en Puerto Escondido (solo para asegurarse), coloca tu equipaje debajo y paga al conductor en efectivo. Simplemente pregunta por \"Puerto\". El conductor dar\u00e1 cambio y un recibo. Despu\u00e9s, si\u00e9ntate y disfrute del viaje. El trayecto dura aproximadamente dos horas y para en un peque\u00f1o pueblo llamado Pochutla. Una vez que llegue a la estaci\u00f3n de autobuses de Puerto Escondido, deber\u00e1s tomar un taxi hasta Casa Chango. Ve a continuaci\u00f3n.<\/p>\n\n\n\n<p class=\"\">Si te sientes un poco m\u00e1s aventurero y quieres llegar m\u00e1s r\u00e1pido, puedes tomar uno de los autobuses colectivos m\u00e1s peque\u00f1os que tambi\u00e9n paran en esta parada. Van a Pochutla, un pueblo a medio camino de Puerto Escondido. En la terminal de autobuses de Pochutla, puedes tomar otro autob\u00fas colectivo a Puerto Escondido.<\/p>\n\n\n\n<hr class=\"wp-block-separator has-alpha-channel-opacity\"\/>\n\n\n\n<h3 class=\"wp-block-heading\"><strong>Una vez en la estaci\u00f3n de autobuses OCC en Puerto Escondido, el trayecto en taxi a Casa Chango es corto y cuesta aproximadamente $300 pesos mexicanos. Pista: Regresar\u00e1s en direcci\u00f3n a Huatulco por unos kil\u00f3metros.\u00a0\u00a0<\/strong><\/h3>\n\n\n\n<p class=\"\">Dile al taxista que vas al Pante\u00f3n de Barra de Navidad. Justo despu\u00e9s del Pante\u00f3n, gira ligeramente a la izquierda en la Calle del Morro. Hay un letrero que dice Casa Chango con una flecha. Sigue esa calle y los letreros hasta llegar a la entrada de Casa Chango. &nbsp;<\/p>\n\n\n\n<h3 class=\"wp-block-heading\"><a href=\"https:\/\/goo.gl\/maps\/DT2qRUu6qCrwJ8jD9\" target=\"_blank\" rel=\"noreferrer noopener\">Aqu\u00ed est\u00e1 el enlace a Casa Chango en Google Maps<em>.<\/em><\/a><\/h3>\n\n\n\n<h3 class=\"wp-block-heading\"><strong>\u00a1Que disfrutes de tu viaje! <\/strong>\u00a0Esta zona de M\u00e9xico es muy tur\u00edstica. La vista es preciosa. Si tienes alguna pregunta, puedes escribirnos a  CasaChangoMexico@gmail.com<\/h3>","protected":false},"excerpt":{"rendered":"<p>Getting to Casa Chango from Huatulco Airport The closest airport to fly into is Puerto Escondido (PXM). You can also fly direct to Huatulco (HUX) from Canada and the US, which is about 2.5 hours away by bus and 1.5 hours away by taxi. More on this below. WestJet, Air Canada and Sunwing fly direct [&hellip;]<\/p>\n","protected":false},"author":1,"featured_media":0,"parent":0,"menu_order":0,"comment_status":"closed","ping_status":"closed","template":"","meta":{"nf_dc_page":"","om_disable_all_campaigns":false,"_monsterinsights_skip_tracking":false,"_monsterinsights_sitenote_active":false,"_monsterinsights_sitenote_note":"","_monsterinsights_sitenote_category":0,"footnotes":""},"class_list":["post-93","page","type-page","status-publish","hentry"],"yoast_head":"<!-- This site is optimized with the Yoast SEO plugin v27.4 - https:\/\/yoast.com\/product\/yoast-seo-wordpress\/ -->\n<title>Getting to Casa Chango from Huatulco Airport - Casa Chango Mexico eco-chic retreat center creativity &amp; connection with nature<\/title>\n<meta name=\"robots\" content=\"index, follow, max-snippet:-1, max-image-preview:large, max-video-preview:-1\" \/>\n<link rel=\"canonical\" href=\"https:\/\/casachangomexico.com\/es\/getting-to-casa-chango-from-huatulco-airport\/\" \/>\n<meta property=\"og:locale\" content=\"es_MX\" \/>\n<meta property=\"og:type\" content=\"article\" \/>\n<meta property=\"og:title\" content=\"Getting to Casa Chango from Huatulco Airport - Casa Chango Mexico eco-chic retreat center creativity &amp; connection with nature\" \/>\n<meta property=\"og:description\" content=\"Getting to Casa Chango from Huatulco Airport The closest airport to fly into is Puerto Escondido (PXM). You can also fly direct to Huatulco (HUX) from Canada and the US, which is about 2.5 hours away by bus and 1.5 hours away by taxi. More on this below. WestJet, Air Canada and Sunwing fly direct [&hellip;]\" \/>\n<meta property=\"og:url\" content=\"https:\/\/casachangomexico.com\/es\/getting-to-casa-chango-from-huatulco-airport\/\" \/>\n<meta property=\"og:site_name\" content=\"Casa Chango Mexico eco-chic retreat center creativity &amp; connection with nature\" \/>\n<meta property=\"article:publisher\" content=\"https:\/\/www.facebook.com\/CasaChangoMexico\" \/>\n<meta property=\"article:modified_time\" content=\"2024-09-06T19:07:26+00:00\" \/>\n<meta property=\"og:image\" content=\"https:\/\/lovefest2018.files.wordpress.com\/2017\/02\/screen-shot-2017-04-22-at-4-34-46-pm.png?w=700\" \/>\n<meta name=\"twitter:card\" content=\"summary_large_image\" \/>\n<meta name=\"twitter:label1\" content=\"Tiempo de lectura\" \/>\n\t<meta name=\"twitter:data1\" content=\"4 minutos\" \/>\n<script type=\"application\/ld+json\" class=\"yoast-schema-graph\">{\"@context\":\"https:\\\/\\\/schema.org\",\"@graph\":[{\"@type\":\"WebPage\",\"@id\":\"https:\\\/\\\/casachangomexico.com\\\/getting-to-casa-chango-from-huatulco-airport\\\/\",\"url\":\"https:\\\/\\\/casachangomexico.com\\\/getting-to-casa-chango-from-huatulco-airport\\\/\",\"name\":\"Getting to Casa Chango from Huatulco Airport - Casa Chango Mexico eco-chic retreat center creativity &amp; connection with nature\",\"isPartOf\":{\"@id\":\"https:\\\/\\\/ohw.fmn.mybluehost.me\\\/casachangomexico\\\/#website\"},\"primaryImageOfPage\":{\"@id\":\"https:\\\/\\\/casachangomexico.com\\\/getting-to-casa-chango-from-huatulco-airport\\\/#primaryimage\"},\"image\":{\"@id\":\"https:\\\/\\\/casachangomexico.com\\\/getting-to-casa-chango-from-huatulco-airport\\\/#primaryimage\"},\"thumbnailUrl\":\"https:\\\/\\\/lovefest2018.files.wordpress.com\\\/2017\\\/02\\\/screen-shot-2017-04-22-at-4-34-46-pm.png?w=700\",\"datePublished\":\"2024-09-06T19:07:23+00:00\",\"dateModified\":\"2024-09-06T19:07:26+00:00\",\"breadcrumb\":{\"@id\":\"https:\\\/\\\/casachangomexico.com\\\/getting-to-casa-chango-from-huatulco-airport\\\/#breadcrumb\"},\"inLanguage\":\"es\",\"potentialAction\":[{\"@type\":\"ReadAction\",\"target\":[\"https:\\\/\\\/casachangomexico.com\\\/getting-to-casa-chango-from-huatulco-airport\\\/\"]}]},{\"@type\":\"ImageObject\",\"inLanguage\":\"es\",\"@id\":\"https:\\\/\\\/casachangomexico.com\\\/getting-to-casa-chango-from-huatulco-airport\\\/#primaryimage\",\"url\":\"https:\\\/\\\/lovefest2018.files.wordpress.com\\\/2017\\\/02\\\/screen-shot-2017-04-22-at-4-34-46-pm.png?w=700\",\"contentUrl\":\"https:\\\/\\\/lovefest2018.files.wordpress.com\\\/2017\\\/02\\\/screen-shot-2017-04-22-at-4-34-46-pm.png?w=700\"},{\"@type\":\"BreadcrumbList\",\"@id\":\"https:\\\/\\\/casachangomexico.com\\\/getting-to-casa-chango-from-huatulco-airport\\\/#breadcrumb\",\"itemListElement\":[{\"@type\":\"ListItem\",\"position\":1,\"name\":\"Home\",\"item\":\"https:\\\/\\\/casachangomexico.com\\\/\"},{\"@type\":\"ListItem\",\"position\":2,\"name\":\"Getting to Casa Chango from Huatulco Airport\"}]},{\"@type\":\"WebSite\",\"@id\":\"https:\\\/\\\/ohw.fmn.mybluehost.me\\\/casachangomexico\\\/#website\",\"url\":\"https:\\\/\\\/ohw.fmn.mybluehost.me\\\/casachangomexico\\\/\",\"name\":\"Casa Chango Mexico eco-chic retreat center creativity &amp; connection with nature\",\"description\":\"Extraordinary setting for anyone who wants to relax, play, practice movement, create, explore, rediscover themselves &amp; connect with nature. \\n\",\"publisher\":{\"@id\":\"https:\\\/\\\/ohw.fmn.mybluehost.me\\\/casachangomexico\\\/#organization\"},\"potentialAction\":[{\"@type\":\"SearchAction\",\"target\":{\"@type\":\"EntryPoint\",\"urlTemplate\":\"https:\\\/\\\/ohw.fmn.mybluehost.me\\\/casachangomexico\\\/?s={search_term_string}\"},\"query-input\":{\"@type\":\"PropertyValueSpecification\",\"valueRequired\":true,\"valueName\":\"search_term_string\"}}],\"inLanguage\":\"es\"},{\"@type\":\"Organization\",\"@id\":\"https:\\\/\\\/ohw.fmn.mybluehost.me\\\/casachangomexico\\\/#organization\",\"name\":\"Casa Chango Mexico eco-chic retreat center creativity &amp; connection with nature\",\"url\":\"https:\\\/\\\/ohw.fmn.mybluehost.me\\\/casachangomexico\\\/\",\"logo\":{\"@type\":\"ImageObject\",\"inLanguage\":\"es\",\"@id\":\"https:\\\/\\\/ohw.fmn.mybluehost.me\\\/casachangomexico\\\/#\\\/schema\\\/logo\\\/image\\\/\",\"url\":\"https:\\\/\\\/i0.wp.com\\\/casachangomexico.com\\\/wp-content\\\/uploads\\\/2024\\\/09\\\/Casa-Chango-Logo-w-leaves-2024-no-background-1.png?fit=517%2C279&ssl=1\",\"contentUrl\":\"https:\\\/\\\/i0.wp.com\\\/casachangomexico.com\\\/wp-content\\\/uploads\\\/2024\\\/09\\\/Casa-Chango-Logo-w-leaves-2024-no-background-1.png?fit=517%2C279&ssl=1\",\"width\":517,\"height\":279,\"caption\":\"Casa Chango Mexico eco-chic retreat center creativity &amp; connection with nature\"},\"image\":{\"@id\":\"https:\\\/\\\/ohw.fmn.mybluehost.me\\\/casachangomexico\\\/#\\\/schema\\\/logo\\\/image\\\/\"},\"sameAs\":[\"https:\\\/\\\/www.facebook.com\\\/CasaChangoMexico\"]}]}<\/script>\n<!-- \/ Yoast SEO plugin. -->","yoast_head_json":{"title":"Getting to Casa Chango from Huatulco Airport - Casa Chango Mexico eco-chic retreat center creativity &amp; connection with nature","robots":{"index":"index","follow":"follow","max-snippet":"max-snippet:-1","max-image-preview":"max-image-preview:large","max-video-preview":"max-video-preview:-1"},"canonical":"https:\/\/casachangomexico.com\/es\/getting-to-casa-chango-from-huatulco-airport\/","og_locale":"es_MX","og_type":"article","og_title":"Getting to Casa Chango from Huatulco Airport - Casa Chango Mexico eco-chic retreat center creativity &amp; connection with nature","og_description":"Getting to Casa Chango from Huatulco Airport The closest airport to fly into is Puerto Escondido (PXM). You can also fly direct to Huatulco (HUX) from Canada and the US, which is about 2.5 hours away by bus and 1.5 hours away by taxi. More on this below. WestJet, Air Canada and Sunwing fly direct [&hellip;]","og_url":"https:\/\/casachangomexico.com\/es\/getting-to-casa-chango-from-huatulco-airport\/","og_site_name":"Casa Chango Mexico eco-chic retreat center creativity &amp; connection with nature","article_publisher":"https:\/\/www.facebook.com\/CasaChangoMexico","article_modified_time":"2024-09-06T19:07:26+00:00","og_image":[{"url":"https:\/\/lovefest2018.files.wordpress.com\/2017\/02\/screen-shot-2017-04-22-at-4-34-46-pm.png?w=700","type":"","width":"","height":""}],"twitter_card":"summary_large_image","twitter_misc":{"Tiempo de lectura":"4 minutos"},"schema":{"@context":"https:\/\/schema.org","@graph":[{"@type":"WebPage","@id":"https:\/\/casachangomexico.com\/getting-to-casa-chango-from-huatulco-airport\/","url":"https:\/\/casachangomexico.com\/getting-to-casa-chango-from-huatulco-airport\/","name":"Getting to Casa Chango from Huatulco Airport - Casa Chango Mexico eco-chic retreat center creativity &amp; connection with nature","isPartOf":{"@id":"https:\/\/ohw.fmn.mybluehost.me\/casachangomexico\/#website"},"primaryImageOfPage":{"@id":"https:\/\/casachangomexico.com\/getting-to-casa-chango-from-huatulco-airport\/#primaryimage"},"image":{"@id":"https:\/\/casachangomexico.com\/getting-to-casa-chango-from-huatulco-airport\/#primaryimage"},"thumbnailUrl":"https:\/\/lovefest2018.files.wordpress.com\/2017\/02\/screen-shot-2017-04-22-at-4-34-46-pm.png?w=700","datePublished":"2024-09-06T19:07:23+00:00","dateModified":"2024-09-06T19:07:26+00:00","breadcrumb":{"@id":"https:\/\/casachangomexico.com\/getting-to-casa-chango-from-huatulco-airport\/#breadcrumb"},"inLanguage":"es","potentialAction":[{"@type":"ReadAction","target":["https:\/\/casachangomexico.com\/getting-to-casa-chango-from-huatulco-airport\/"]}]},{"@type":"ImageObject","inLanguage":"es","@id":"https:\/\/casachangomexico.com\/getting-to-casa-chango-from-huatulco-airport\/#primaryimage","url":"https:\/\/lovefest2018.files.wordpress.com\/2017\/02\/screen-shot-2017-04-22-at-4-34-46-pm.png?w=700","contentUrl":"https:\/\/lovefest2018.files.wordpress.com\/2017\/02\/screen-shot-2017-04-22-at-4-34-46-pm.png?w=700"},{"@type":"BreadcrumbList","@id":"https:\/\/casachangomexico.com\/getting-to-casa-chango-from-huatulco-airport\/#breadcrumb","itemListElement":[{"@type":"ListItem","position":1,"name":"Home","item":"https:\/\/casachangomexico.com\/"},{"@type":"ListItem","position":2,"name":"Getting to Casa Chango from Huatulco Airport"}]},{"@type":"WebSite","@id":"https:\/\/ohw.fmn.mybluehost.me\/casachangomexico\/#website","url":"https:\/\/ohw.fmn.mybluehost.me\/casachangomexico\/","name":"Casa Chango Mexico eco-chic retreat center creativity &amp; connection with nature","description":"Extraordinary setting for anyone who wants to relax, play, practice movement, create, explore, rediscover themselves &amp; connect with nature.","publisher":{"@id":"https:\/\/ohw.fmn.mybluehost.me\/casachangomexico\/#organization"},"potentialAction":[{"@type":"SearchAction","target":{"@type":"EntryPoint","urlTemplate":"https:\/\/ohw.fmn.mybluehost.me\/casachangomexico\/?s={search_term_string}"},"query-input":{"@type":"PropertyValueSpecification","valueRequired":true,"valueName":"search_term_string"}}],"inLanguage":"es"},{"@type":"Organization","@id":"https:\/\/ohw.fmn.mybluehost.me\/casachangomexico\/#organization","name":"Casa Chango Mexico eco-chic retreat center creativity &amp; connection with nature","url":"https:\/\/ohw.fmn.mybluehost.me\/casachangomexico\/","logo":{"@type":"ImageObject","inLanguage":"es","@id":"https:\/\/ohw.fmn.mybluehost.me\/casachangomexico\/#\/schema\/logo\/image\/","url":"https:\/\/i0.wp.com\/casachangomexico.com\/wp-content\/uploads\/2024\/09\/Casa-Chango-Logo-w-leaves-2024-no-background-1.png?fit=517%2C279&ssl=1","contentUrl":"https:\/\/i0.wp.com\/casachangomexico.com\/wp-content\/uploads\/2024\/09\/Casa-Chango-Logo-w-leaves-2024-no-background-1.png?fit=517%2C279&ssl=1","width":517,"height":279,"caption":"Casa Chango Mexico eco-chic retreat center creativity &amp; connection with nature"},"image":{"@id":"https:\/\/ohw.fmn.mybluehost.me\/casachangomexico\/#\/schema\/logo\/image\/"},"sameAs":["https:\/\/www.facebook.com\/CasaChangoMexico"]}]}},"jetpack_sharing_enabled":true,"_links":{"self":[{"href":"https:\/\/casachangomexico.com\/es\/wp-json\/wp\/v2\/pages\/93","targetHints":{"allow":["GET"]}}],"collection":[{"href":"https:\/\/casachangomexico.com\/es\/wp-json\/wp\/v2\/pages"}],"about":[{"href":"https:\/\/casachangomexico.com\/es\/wp-json\/wp\/v2\/types\/page"}],"author":[{"embeddable":true,"href":"https:\/\/casachangomexico.com\/es\/wp-json\/wp\/v2\/users\/1"}],"replies":[{"embeddable":true,"href":"https:\/\/casachangomexico.com\/es\/wp-json\/wp\/v2\/comments?post=93"}],"version-history":[{"count":1,"href":"https:\/\/casachangomexico.com\/es\/wp-json\/wp\/v2\/pages\/93\/revisions"}],"predecessor-version":[{"id":94,"href":"https:\/\/casachangomexico.com\/es\/wp-json\/wp\/v2\/pages\/93\/revisions\/94"}],"wp:attachment":[{"href":"https:\/\/casachangomexico.com\/es\/wp-json\/wp\/v2\/media?parent=93"}],"curies":[{"name":"wp","href":"https:\/\/api.w.org\/{rel}","templated":true}]}}