{"id":90,"date":"2024-09-06T19:09:46","date_gmt":"2024-09-06T19:09:46","guid":{"rendered":"https:\/\/casachangomexico.com\/?page_id=90"},"modified":"2024-09-06T20:55:06","modified_gmt":"2024-09-06T20:55:06","slug":"travel-tips","status":"publish","type":"page","link":"https:\/\/casachangomexico.com\/es\/travel-tips\/","title":{"rendered":"Consejos de viaje"},"content":{"rendered":"<h2 class=\"wp-block-heading has-text-align-center\"><strong>Tu viaje a Casa Chango M\u00e9xico<\/strong><\/h2>\n\n\n\n<p class=\"\">Nos alegra mucho que vengas a Casa Chango M\u00e9xico, ubicada a las afueras de <span style=\"color: #000000;\">Puerto Escondido<\/span><em><span style=\"color: #000000;\"><strong>\u00a0<\/strong><\/span><\/em>en la costa de Oaxaca. El transporte por la zona es seguro y c\u00f3modo.<\/p>\n\n\n\n<ul class=\"wp-block-list\">\n<li class=\"\"><strong>El servicio de taxi\/transporte autorizado al aeropuerto est\u00e1 incluido en la mayor\u00eda de los retiros si reserva su viaje desde\/hacia el aeropuerto de Puerto Escondido (PXM).\u00a0 <\/strong><\/li>\n\n\n\n<li class=\"\">Tambi\u00e9n puedes volar al aeropuerto de Huatulco (HUX), que est\u00e1 a una hora y media en coche. Ve la informaci\u00f3n a continuaci\u00f3n.<\/li>\n\n\n\n<li class=\"translation-block\">Aseg\u00farate de llegar y salir en los d\u00edas designados del retiro para asegurar tu taxi incluido. Consulta el correo electr\u00f3nico de inscripci\u00f3n para ver las fechas de viaje. Si tienes alguna pregunta, puedes escribirnos a CasaChangoRetreats@gmail.com<\/li>\n<\/ul>\n\n\n\n<hr class=\"is-style-wide wp-block-separator has-css-opacity\"\/>\n\n\n\n<h2 class=\"wp-block-heading has-text-align-center\">Consejos para reservar tu viaje<\/h2>\n\n\n\n<ul class=\"wp-block-list\">\n<li class=\"\">Si buscas vuelos desde tu aeropuerto a Puerto Escondido, y s\u00f3lo encuentras boletos de precios muy altos y con escalas largas, puedes probar cualquiera de las siguientes opciones.\n<ul class=\"wp-block-list\">\n<li class=\"\">Prueba dos b\u00fasquedas por separado: reserva un boleto de ida y vuelta desde tu aeropuerto a Ciudad de M\u00e9xico (MEX) y luego otro de ida y vuelta desde MEX a Puerto Escondido (PXM). Aseg\u00farate de tener suficiente tiempo de escala en Ciudad de M\u00e9xico. Recomendamos unas 3 horas de escala para cubrir posibles retrasos en los vuelos, as\u00ed como los tr\u00e1mites de inmigraci\u00f3n y aduanas. En algunos vuelos, podr\u00edas tener que volver a documentar tu equipaje en Ciudad de M\u00e9xico. <\/li>\n<\/ul>\n<\/li>\n\n\n\n<li class=\"\"><strong>Busca directamente en <a href=\"https:\/\/www.volaris.com\" target=\"_blank\" rel=\"noreferrer noopener\">Volaris.com<\/a><\/strong><a href=\"https:\/\/www.volaris.com\" target=\"_blank\" rel=\"noreferrer noopener\"> <\/a>o <a href=\"https:\/\/www.vivaaerobus.com\/es-mx\/\" target=\"_blank\" rel=\"noreferrer noopener\">VivaAerobus.com<\/a>. <strong>Volaris<\/strong> ofrece muchas opciones de vuelos econ\u00f3micos y f\u00e1ciles de usar que no siempre se muestran en buscadores de vuelos de terceros.\n<ul class=\"wp-block-list\">\n<li class=\"\">Nota: Si tiene problemas para navegar en los sitios web de VivaAerobus y\/o Volaris, intente utilizar un navegador diferente.<\/li>\n<\/ul>\n<\/li>\n<\/ul>\n\n\n\n<p class=\"\">La mayor\u00eda de los vuelos a Puerto Escondido (PXM) se originan en la Ciudad de M\u00e9xico, Guadalajara (en Volaris) o la Ciudad de Oaxaca (busque <a href=\"http:\/\/aerotaxisdemexico.com\" target=\"_blank\" rel=\"noopener\">AeroTucan<\/a>). &nbsp;<\/p>\n\n\n\n<hr class=\"is-style-wide wp-block-separator has-css-opacity\"\/>\n\n\n\n<h3 class=\"wp-block-heading has-text-align-center\"><strong><span style=\"text-decoration: underline;\">Llega directo a Puerto Escondido**<\/span><\/strong><\/h3>\n\n\n\n<p class=\"\">Si no tienes tiempo para pasar una noche en la Ciudad de M\u00e9xico o simplemente solo quieres llegar, puedes reservar tu viaje directo al aeropuerto de Puerto Escondido (PXM). Calcula <span style=\"color: #000000;\"><strong>al menos 3 horas de escala<\/strong><\/span> en la Ciudad de M\u00e9xico para que puedas pasar por inmigraci\u00f3n, aduanas y registrarte para tu vuelo de conexi\u00f3n con tiempo suficiente. El aeropuerto de la Ciudad de M\u00e9xico puede ser un poco confuso, as\u00ed que contar con tiempo extra para orientarte puede ser muy \u00fatil. Si tienes tiempo extra, puedes cambiar dinero, pasear y disfrutar de tu primer desayuno mexicano en el aeropuerto. \u00a1Luego, tu vuelo r\u00e1pido a Puerto Escondido te deja a solo 20 minutos en coche de Casa Chango!<\/p>\n\n\n\n<hr class=\"is-style-wide wp-block-separator has-css-opacity\"\/>\n\n\n\n<h3 class=\"wp-block-heading has-text-align-center\"><span style=\"text-decoration: underline;\"><strong>Parada en Ciudad de M\u00e9xico por el d\u00eda o la noche*<\/strong><\/span><\/h3>\n\n\n\n<ol class=\"wp-block-list\">\n<li class=\"\"><span style=\"color: #000000;\"><strong>\u00a1La Ciudad de M\u00e9xico es incre\u00edble!<\/strong><\/span> &nbsp;Hay much\u00edsimas cosas que ver y hacer, como museos, restaurantes, plazas, mercados y ruinas hist\u00f3ricas. Nos encantan el <a href=\"http:\/\/museofridakahlo.org.mx\/\" target=\"_blank\" rel=\"noopener noreferrer\">Museo Frida Kahlo <\/a>y el<a href=\"https:\/\/museu.ms\/museum\/details\/16762\/national-museum-of-anthropology\" target=\"_blank\" rel=\"noopener\"> Museo de Antropolog\u00eda e Historia.<\/a><\/li>\n\n\n\n<li class=\"\">Esto <span style=\"color: #000000;\">divide tu viaje<\/span> y te permite disfrutar cada parte del camino.<\/li>\n\n\n\n<li class=\"\">Hay muchos <strong><a href=\"https:\/\/www.tripadvisor.com\/Hotels-g150800-Mexico_City_Central_Mexico_and_Gulf_Coast-Hotels.html\" target=\"_blank\" rel=\"noreferrer noopener\">hoteles <\/a>y hostales<\/strong> en la <strong>Ciudad de M\u00e9xico<\/strong> donde alojarse. Tambi\u00e9n hay hoteles dentro del aeropuerto.<\/li>\n\n\n\n<li class=\"\"><strong>Taxis<\/strong> desde\/hacia el aeropuerto: <strong>Aseg\u00farate de contratar un taxi en una de las paradas de taxis autorizadas dentro del aeropuerto\u00a0<\/strong>justo antes de salir<strong>.<\/strong> \u00a0Paga en caja y obt\u00e9n un recibo para entreg\u00e1rselo al conductor. (Una vez en la ciudad, te recomendamos usar Uber para desplazarte y regresar al aeropuerto).<\/li>\n\n\n\n<li class=\"\"><strong>\u00a1Guarda tu equipaje! <\/strong> Puedes guardar tu equipaje en los lockers del aeropuerto y tomar un taxi a la ciudad por la tarde. Hay much\u00edsimos museos, zonas comerciales, restaurantes y sitios hist\u00f3ricos INCRE\u00cdBLES que ver en la Ciudad de M\u00e9xico. Es una forma maravillosa de disfrutar de tus vuelos o viajes. \u00a1Tambi\u00e9n puedes alquilar una c\u00e1psula en el <a href=\"https:\/\/izzzleep.com\" target=\"_blank\" rel=\"noreferrer noopener\">hotel c\u00e1psula<\/a> y echarte una siesta!<\/li>\n<\/ol>\n\n\n\n<p class=\"\">Si tiene una breve escala nocturna en la Ciudad de M\u00e9xico, le sugerimos alojarse en el <a href=\"https:\/\/izzzleep.com\" target=\"_blank\" rel=\"noopener noreferrer\">Pod Hotel del aeropuerto de la Ciudad de M\u00e9xico<\/a>&nbsp;(o para una siesta tranquila durante una escala de un d\u00eda largo). Es limpio, c\u00f3modo y seguro. Otra opci\u00f3n es el <a href=\"https:\/\/www.marriott.com\/hotels\/travel\/mexcy-courtyard-mexico-city-airport\/\" target=\"_blank\" rel=\"noopener noreferrer\">Marriott Courtyard Hotel,<\/a> que tambi\u00e9n est\u00e1 conectado con el aeropuerto. &nbsp;<\/p>\n\n\n\n<hr class=\"is-style-wide wp-block-separator has-css-opacity\"\/>\n\n\n\n<h3 class=\"wp-block-heading has-text-align-center\"><span style=\"text-decoration: underline; color: #000000;\"><strong>Vuela directamente al aeropuerto de Huatulco***<\/strong><\/span><\/h3>\n\n\n\n<p class=\"\">Otra opci\u00f3n es volar al Aeropuerto Internacional de Huatulco (HUX) y tomar un autob\u00fas de enlace desde HUX a Puerto Escondido. Hay vuelos internacionales directos y vuelos ch\u00e1rter a Huatulco desde muchos lugares.<strong><span style=\"color: #000000;\">\u00a0<\/span><\/strong> Si vienes de Canad\u00e1, prueba WestJet, SunWing, Air Canada o Air Transit para vuelos a Huatulco. Consulte si es posible. El <a href=\"https:\/\/casachangomexico.com\/es\/getting-to-casa-chango-from-huatulco-airport\/\">autob\u00fas colectivo de HUX <\/a>a Puerto Escondido tiene una duraci\u00f3n de 2 horas y media y cuesta aproximadamente $200 MXN. Puede tomar un taxi privado que tarda 1 hora y media por aproximadamente $2000 MXN. Es un recorrido<strong>\u00a0hermoso<\/strong> y con curvas.<span style=\"color: #000000;\"><strong> <a href=\"https:\/\/casachangomexico.com\/es\/getting-to-casa-chango-from-huatulco-airport\/\">Haz clic aqu\u00ed para obtener instrucciones detalladas sobre c\u00f3mo tomar el autob\u00fas de Huatulco a Puerto Escondido \/ Casa Chango.<\/a><\/strong><\/span><\/p>\n\n\n\n<hr class=\"is-style-wide wp-block-separator has-css-opacity\"\/>\n\n\n\n<h3 class=\"wp-block-heading has-text-align-center\"><strong>Lleva tu equipo de circo en el avi\u00f3n<\/strong><\/h3>\n\n\n\n<p class=\"\">Aseg\u00farate de llevar todo tu equipo de circo en tu <strong>MALETA DOCUMENTADA.<\/strong>Es muy probable que el personal de seguridad del aeropuerto de la Ciudad de M\u00e9xico no permita el paso de ning\u00fan equipo en el equipaje de mano.<\/p>\n\n\n\n<hr class=\"is-style-wide wp-block-separator has-css-opacity\"\/>\n\n\n\n<h3 class=\"wp-block-heading has-text-align-center\"><strong>Seguro de viaje<\/strong><\/h3>\n\n\n\n<h4 class=\"wp-block-heading\">Te recomendamos ampliamente que compres<strong><span style=\"color: #000000;\">&nbsp;un seguro de viaje<\/span><\/strong> por la duraci\u00f3n de su viaje para protegerse de cualquier circunstancia imprevista, como enfermedades, lesiones, mal tiempo, cancelaci\u00f3n de retiro, p\u00e9rdida de equipaje o gastos m\u00e9dicos.<\/h4>\n\n\n\n<hr class=\"is-style-wide wp-block-separator has-css-opacity\"\/>\n\n\n\n<p class=\"has-text-align-center\">Si a\u00fan tienes dudas o necesitas alg\u00fan consejo, no dudes en enviarnos un correo electr\u00f3nico a CasaChangoMexico@gmail.com. \u00a0<\/p>\n\n\n\n<h2 class=\"wp-block-heading has-text-align-center\">\u00a1Nos vemos pronto!<\/h2>\n\n\n\n<hr class=\"is-style-wide wp-block-separator has-css-opacity\"\/>\n\n\n\n<hr class=\"is-style-wide wp-block-separator has-css-opacity\"\/>\n\n\n\n<p style=\"font-size:10px\" class=\"\">*Si pasas la noche  en la Ciudad de M\u00e9xico,  eres responsable de reservar y pagar tu hotel\/hostal y el transporte durante tu estancia.<br>**El taxi de PXM a Casa Chango est\u00e1 incluido en el precio del retiro si llega\/sale en las fechas especificas. Si llegas antes o despu\u00e9s de la fecha marcada, deber\u00e1s reservar y pagar tu propio taxi.<br>***Si vuelas a HUX, deber\u00e1s reservar y pagar el viaje a Casa Chango.<\/p>","protected":false},"excerpt":{"rendered":"<p>Your Trip to Casa Chango Mexico We are so happy that you are coming to Casa Chango Mexico located just outside\u00a0of Puerto Escondido\u00a0on the Oaxaca coast. \u00a0Travel to and around the area is safe and friendly. Tips for Booking Travel Most flights to Puerto Escondido (PXM) originate in either Mexico City, Guadalajara (on Volaris), or [&hellip;]<\/p>\n","protected":false},"author":1,"featured_media":0,"parent":0,"menu_order":0,"comment_status":"closed","ping_status":"closed","template":"","meta":{"nf_dc_page":"","om_disable_all_campaigns":false,"_monsterinsights_skip_tracking":false,"_monsterinsights_sitenote_active":false,"_monsterinsights_sitenote_note":"","_monsterinsights_sitenote_category":0,"footnotes":""},"class_list":["post-90","page","type-page","status-publish","hentry"],"yoast_head":"<!-- This site is optimized with the Yoast SEO plugin v27.4 - https:\/\/yoast.com\/product\/yoast-seo-wordpress\/ -->\n<title>Travel Tips - Casa Chango Mexico eco-chic retreat center creativity &amp; connection with nature<\/title>\n<meta name=\"robots\" content=\"index, follow, max-snippet:-1, max-image-preview:large, max-video-preview:-1\" \/>\n<link rel=\"canonical\" href=\"https:\/\/casachangomexico.com\/es\/travel-tips\/\" \/>\n<meta property=\"og:locale\" content=\"es_MX\" \/>\n<meta property=\"og:type\" content=\"article\" \/>\n<meta property=\"og:title\" content=\"Travel Tips - Casa Chango Mexico eco-chic retreat center creativity &amp; connection with nature\" \/>\n<meta property=\"og:description\" content=\"Your Trip to Casa Chango Mexico We are so happy that you are coming to Casa Chango Mexico located just outside\u00a0of Puerto Escondido\u00a0on the Oaxaca coast. \u00a0Travel to and around the area is safe and friendly. Tips for Booking Travel Most flights to Puerto Escondido (PXM) originate in either Mexico City, Guadalajara (on Volaris), or [&hellip;]\" \/>\n<meta property=\"og:url\" content=\"https:\/\/casachangomexico.com\/es\/travel-tips\/\" \/>\n<meta property=\"og:site_name\" content=\"Casa Chango Mexico eco-chic retreat center creativity &amp; connection with nature\" \/>\n<meta property=\"article:publisher\" content=\"https:\/\/www.facebook.com\/CasaChangoMexico\" \/>\n<meta property=\"article:modified_time\" content=\"2024-09-06T20:55:06+00:00\" \/>\n<meta name=\"twitter:card\" content=\"summary_large_image\" \/>\n<meta name=\"twitter:label1\" content=\"Tiempo de lectura\" \/>\n\t<meta name=\"twitter:data1\" content=\"5 minutos\" \/>\n<script type=\"application\/ld+json\" class=\"yoast-schema-graph\">{\"@context\":\"https:\\\/\\\/schema.org\",\"@graph\":[{\"@type\":\"WebPage\",\"@id\":\"https:\\\/\\\/casachangomexico.com\\\/travel-tips\\\/\",\"url\":\"https:\\\/\\\/casachangomexico.com\\\/travel-tips\\\/\",\"name\":\"Travel Tips - Casa Chango Mexico eco-chic retreat center creativity &amp; connection with nature\",\"isPartOf\":{\"@id\":\"https:\\\/\\\/ohw.fmn.mybluehost.me\\\/casachangomexico\\\/#website\"},\"datePublished\":\"2024-09-06T19:09:46+00:00\",\"dateModified\":\"2024-09-06T20:55:06+00:00\",\"breadcrumb\":{\"@id\":\"https:\\\/\\\/casachangomexico.com\\\/travel-tips\\\/#breadcrumb\"},\"inLanguage\":\"es\",\"potentialAction\":[{\"@type\":\"ReadAction\",\"target\":[\"https:\\\/\\\/casachangomexico.com\\\/travel-tips\\\/\"]}]},{\"@type\":\"BreadcrumbList\",\"@id\":\"https:\\\/\\\/casachangomexico.com\\\/travel-tips\\\/#breadcrumb\",\"itemListElement\":[{\"@type\":\"ListItem\",\"position\":1,\"name\":\"Home\",\"item\":\"https:\\\/\\\/casachangomexico.com\\\/\"},{\"@type\":\"ListItem\",\"position\":2,\"name\":\"Travel Tips\"}]},{\"@type\":\"WebSite\",\"@id\":\"https:\\\/\\\/ohw.fmn.mybluehost.me\\\/casachangomexico\\\/#website\",\"url\":\"https:\\\/\\\/ohw.fmn.mybluehost.me\\\/casachangomexico\\\/\",\"name\":\"Casa Chango Mexico eco-chic retreat center creativity &amp; connection with nature\",\"description\":\"Extraordinary setting for anyone who wants to relax, play, practice movement, create, explore, rediscover themselves &amp; connect with nature. \\n\",\"publisher\":{\"@id\":\"https:\\\/\\\/ohw.fmn.mybluehost.me\\\/casachangomexico\\\/#organization\"},\"potentialAction\":[{\"@type\":\"SearchAction\",\"target\":{\"@type\":\"EntryPoint\",\"urlTemplate\":\"https:\\\/\\\/ohw.fmn.mybluehost.me\\\/casachangomexico\\\/?s={search_term_string}\"},\"query-input\":{\"@type\":\"PropertyValueSpecification\",\"valueRequired\":true,\"valueName\":\"search_term_string\"}}],\"inLanguage\":\"es\"},{\"@type\":\"Organization\",\"@id\":\"https:\\\/\\\/ohw.fmn.mybluehost.me\\\/casachangomexico\\\/#organization\",\"name\":\"Casa Chango Mexico eco-chic retreat center creativity &amp; connection with nature\",\"url\":\"https:\\\/\\\/ohw.fmn.mybluehost.me\\\/casachangomexico\\\/\",\"logo\":{\"@type\":\"ImageObject\",\"inLanguage\":\"es\",\"@id\":\"https:\\\/\\\/ohw.fmn.mybluehost.me\\\/casachangomexico\\\/#\\\/schema\\\/logo\\\/image\\\/\",\"url\":\"https:\\\/\\\/i0.wp.com\\\/casachangomexico.com\\\/wp-content\\\/uploads\\\/2024\\\/09\\\/Casa-Chango-Logo-w-leaves-2024-no-background-1.png?fit=517%2C279&ssl=1\",\"contentUrl\":\"https:\\\/\\\/i0.wp.com\\\/casachangomexico.com\\\/wp-content\\\/uploads\\\/2024\\\/09\\\/Casa-Chango-Logo-w-leaves-2024-no-background-1.png?fit=517%2C279&ssl=1\",\"width\":517,\"height\":279,\"caption\":\"Casa Chango Mexico eco-chic retreat center creativity &amp; connection with nature\"},\"image\":{\"@id\":\"https:\\\/\\\/ohw.fmn.mybluehost.me\\\/casachangomexico\\\/#\\\/schema\\\/logo\\\/image\\\/\"},\"sameAs\":[\"https:\\\/\\\/www.facebook.com\\\/CasaChangoMexico\"]}]}<\/script>\n<!-- \/ Yoast SEO plugin. -->","yoast_head_json":{"title":"Travel Tips - Casa Chango Mexico eco-chic retreat center creativity &amp; connection with nature","robots":{"index":"index","follow":"follow","max-snippet":"max-snippet:-1","max-image-preview":"max-image-preview:large","max-video-preview":"max-video-preview:-1"},"canonical":"https:\/\/casachangomexico.com\/es\/travel-tips\/","og_locale":"es_MX","og_type":"article","og_title":"Travel Tips - Casa Chango Mexico eco-chic retreat center creativity &amp; connection with nature","og_description":"Your Trip to Casa Chango Mexico We are so happy that you are coming to Casa Chango Mexico located just outside\u00a0of Puerto Escondido\u00a0on the Oaxaca coast. \u00a0Travel to and around the area is safe and friendly. Tips for Booking Travel Most flights to Puerto Escondido (PXM) originate in either Mexico City, Guadalajara (on Volaris), or [&hellip;]","og_url":"https:\/\/casachangomexico.com\/es\/travel-tips\/","og_site_name":"Casa Chango Mexico eco-chic retreat center creativity &amp; connection with nature","article_publisher":"https:\/\/www.facebook.com\/CasaChangoMexico","article_modified_time":"2024-09-06T20:55:06+00:00","twitter_card":"summary_large_image","twitter_misc":{"Tiempo de lectura":"5 minutos"},"schema":{"@context":"https:\/\/schema.org","@graph":[{"@type":"WebPage","@id":"https:\/\/casachangomexico.com\/travel-tips\/","url":"https:\/\/casachangomexico.com\/travel-tips\/","name":"Travel Tips - Casa Chango Mexico eco-chic retreat center creativity &amp; connection with nature","isPartOf":{"@id":"https:\/\/ohw.fmn.mybluehost.me\/casachangomexico\/#website"},"datePublished":"2024-09-06T19:09:46+00:00","dateModified":"2024-09-06T20:55:06+00:00","breadcrumb":{"@id":"https:\/\/casachangomexico.com\/travel-tips\/#breadcrumb"},"inLanguage":"es","potentialAction":[{"@type":"ReadAction","target":["https:\/\/casachangomexico.com\/travel-tips\/"]}]},{"@type":"BreadcrumbList","@id":"https:\/\/casachangomexico.com\/travel-tips\/#breadcrumb","itemListElement":[{"@type":"ListItem","position":1,"name":"Home","item":"https:\/\/casachangomexico.com\/"},{"@type":"ListItem","position":2,"name":"Travel Tips"}]},{"@type":"WebSite","@id":"https:\/\/ohw.fmn.mybluehost.me\/casachangomexico\/#website","url":"https:\/\/ohw.fmn.mybluehost.me\/casachangomexico\/","name":"Casa Chango Mexico eco-chic retreat center creativity &amp; connection with nature","description":"Extraordinary setting for anyone who wants to relax, play, practice movement, create, explore, rediscover themselves &amp; connect with nature.","publisher":{"@id":"https:\/\/ohw.fmn.mybluehost.me\/casachangomexico\/#organization"},"potentialAction":[{"@type":"SearchAction","target":{"@type":"EntryPoint","urlTemplate":"https:\/\/ohw.fmn.mybluehost.me\/casachangomexico\/?s={search_term_string}"},"query-input":{"@type":"PropertyValueSpecification","valueRequired":true,"valueName":"search_term_string"}}],"inLanguage":"es"},{"@type":"Organization","@id":"https:\/\/ohw.fmn.mybluehost.me\/casachangomexico\/#organization","name":"Casa Chango Mexico eco-chic retreat center creativity &amp; connection with nature","url":"https:\/\/ohw.fmn.mybluehost.me\/casachangomexico\/","logo":{"@type":"ImageObject","inLanguage":"es","@id":"https:\/\/ohw.fmn.mybluehost.me\/casachangomexico\/#\/schema\/logo\/image\/","url":"https:\/\/i0.wp.com\/casachangomexico.com\/wp-content\/uploads\/2024\/09\/Casa-Chango-Logo-w-leaves-2024-no-background-1.png?fit=517%2C279&ssl=1","contentUrl":"https:\/\/i0.wp.com\/casachangomexico.com\/wp-content\/uploads\/2024\/09\/Casa-Chango-Logo-w-leaves-2024-no-background-1.png?fit=517%2C279&ssl=1","width":517,"height":279,"caption":"Casa Chango Mexico eco-chic retreat center creativity &amp; connection with nature"},"image":{"@id":"https:\/\/ohw.fmn.mybluehost.me\/casachangomexico\/#\/schema\/logo\/image\/"},"sameAs":["https:\/\/www.facebook.com\/CasaChangoMexico"]}]}},"jetpack_sharing_enabled":true,"_links":{"self":[{"href":"https:\/\/casachangomexico.com\/es\/wp-json\/wp\/v2\/pages\/90","targetHints":{"allow":["GET"]}}],"collection":[{"href":"https:\/\/casachangomexico.com\/es\/wp-json\/wp\/v2\/pages"}],"about":[{"href":"https:\/\/casachangomexico.com\/es\/wp-json\/wp\/v2\/types\/page"}],"author":[{"embeddable":true,"href":"https:\/\/casachangomexico.com\/es\/wp-json\/wp\/v2\/users\/1"}],"replies":[{"embeddable":true,"href":"https:\/\/casachangomexico.com\/es\/wp-json\/wp\/v2\/comments?post=90"}],"version-history":[{"count":5,"href":"https:\/\/casachangomexico.com\/es\/wp-json\/wp\/v2\/pages\/90\/revisions"}],"predecessor-version":[{"id":107,"href":"https:\/\/casachangomexico.com\/es\/wp-json\/wp\/v2\/pages\/90\/revisions\/107"}],"wp:attachment":[{"href":"https:\/\/casachangomexico.com\/es\/wp-json\/wp\/v2\/media?parent=90"}],"curies":[{"name":"wp","href":"https:\/\/api.w.org\/{rel}","templated":true}]}}