{"id":78,"date":"2024-09-06T18:23:49","date_gmt":"2024-09-06T18:23:49","guid":{"rendered":"https:\/\/casachangomexico.com\/?page_id=78"},"modified":"2026-01-12T20:20:02","modified_gmt":"2026-01-12T20:20:02","slug":"accommodations","status":"publish","type":"page","link":"https:\/\/casachangomexico.com\/es\/accommodations\/","title":{"rendered":"Alojamiento en Casa Chango M\u00e9xico"},"content":{"rendered":"<p class=\"\"><\/p>\n\n\n\n<div class=\"nfd-container nfd-text-md nfd-wb-text__text-1 wp-block-group is-layout-constrained wp-block-group-is-layout-constrained\">\n<div class=\"nfd-max-w-prose wp-block-group is-vertical is-content-justification-left is-layout-flex wp-container-core-group-is-layout-dd225191 wp-block-group-is-layout-flex\">\n<p class=\"\"><em><strong>Casa Chango<\/strong><\/em>&nbsp;Centro Ecol\u00f3gico para retiros est\u00e1 inmerso en la naturaleza a lo largo del r\u00edo a solo 1 milla de la playa. Adem\u00e1s de los alojamientos limpios y seguros, hay una piscina, un comedor comunitario con vista al mar, un enorme gimnasio de circo al aire libre para entrenamiento a\u00e9reo y acrob\u00e1tico, muchas hamacas para relajarse y muchos lugares para explorar. \u00a1Es incre\u00edble!<\/p>\n\n\n\n<p class=\"\"><strong>Todas las caba\u00f1as est\u00e1n construidas con materiales ecol\u00f3gicos que las mantienen frescas d\u00eda y noche. Son sencillas, limpias y decoradas con buen gusto,<\/strong> con ventiladores y terraza. Las habitaciones privadas cuentan con ba\u00f1o privado o compartido, y una de ellas tiene opci\u00f3n de aire acondicionado. Toda la propiedad ofrece hermosas vistas y se puede disfrutar del atardecer sobre el oc\u00e9ano durante todo el a\u00f1o. &nbsp;<\/p>\n\n\n\n<p class=\"\">Nuestras opciones de alojamiento incluyen:<\/p>\n\n\n\n<ul class=\"wp-block-list\">\n<li class=\"\">Habitaci\u00f3n privada con ba\u00f1o privado, cama king size y terraza (aire acondicionado opcional)<\/li>\n\n\n\n<li class=\"\">Habitaci\u00f3n privada en planta baja con cama tama\u00f1o queen o king, ba\u00f1o compartido y terraza compartida.<\/li>\n\n\n\n<li class=\"\">Habitaci\u00f3n privada tipo loft con cama tama\u00f1o king, ba\u00f1o compartido y terraza.<\/li>\n\n\n\n<li class=\"\">Dormitorio compartido (mixto) para hasta 4 personas con ba\u00f1o compartido y terraza.<\/li>\n<\/ul>\n<\/div>\n<\/div>\n\n\n\n<hr class=\"is-style-default wp-block-separator has-css-opacity\"\/>\n\n\n\n<div class=\"wp-block-cover aligncenter\" style=\"min-height:714px;aspect-ratio:unset;\"><img data-recalc-dims=\"1\" decoding=\"async\" class=\"wp-block-cover__image-background wp-image-14793\" alt=\"\" src=\"https:\/\/i0.wp.com\/www.sweetretreatsdr.com\/wp-content\/uploads\/2023\/04\/CS3-room-photo.jpg\" style=\"object-position:48% 60%\" data-object-fit=\"cover\" data-object-position=\"48% 60%\"\/><span aria-hidden=\"true\" class=\"wp-block-cover__background has-background-dim-0 has-background-dim\"><\/span><div class=\"wp-block-cover__inner-container is-layout-flow wp-block-cover-is-layout-flow\">\n<p class=\"\"><\/p>\n\n\n\n<p class=\"\"><\/p>\n\n\n\n<p class=\"\"><\/p>\n\n\n\n<p class=\"\"><\/p>\n\n\n\n<p class=\"\"><\/p>\n\n\n\n<p class=\"\"><\/p>\n\n\n\n<p class=\"\"><\/p>\n\n\n\n<p class=\"has-text-align-center has-text-color has-large-font-size\" style=\"color:#5d3915\">Habitaci\u00f3n Privada \/ Ba\u00f1o Compartido (planta baja)<\/p>\n\n\n\n<p class=\"\"><\/p>\n<\/div><\/div>\n\n\n\n<hr class=\"is-style-default wp-block-separator has-css-opacity\"\/>\n\n\n\n<div class=\"wp-block-cover aligncenter\" style=\"min-height:628px;aspect-ratio:unset;\"><img data-recalc-dims=\"1\" decoding=\"async\" class=\"wp-block-cover__image-background wp-image-15314\" alt=\"\" src=\"https:\/\/i0.wp.com\/www.sweetretreatsdr.com\/wp-content\/uploads\/2023\/05\/Casa-Chango-cs4-downstairs-2-scaled.jpg\" style=\"object-position:52% 43%\" data-object-fit=\"cover\" data-object-position=\"52% 43%\"\/><span aria-hidden=\"true\" class=\"wp-block-cover__background has-background-dim-0 has-background-dim\"><\/span><div class=\"wp-block-cover__inner-container is-layout-flow wp-block-cover-is-layout-flow\">\n<p class=\"has-text-align-center has-large-font-size\">Habitaci\u00f3n Privada \/ Ba\u00f1o privado (planta baja)<\/p>\n<\/div><\/div>\n\n\n\n<hr class=\"is-style-default wp-block-separator has-css-opacity\"\/>\n\n\n\n<div class=\"wp-block-cover aligncenter\" style=\"min-height:543px;aspect-ratio:unset;\"><img data-recalc-dims=\"1\" decoding=\"async\" class=\"wp-block-cover__image-background wp-image-16101\" alt=\"\" src=\"https:\/\/i0.wp.com\/www.sweetretreatsdr.com\/wp-content\/uploads\/2023\/08\/cs3-upstairs-room-2-scaled.jpeg\" style=\"object-position:56% 31%\" data-object-fit=\"cover\" data-object-position=\"56% 31%\"\/><span aria-hidden=\"true\" class=\"wp-block-cover__background has-background-dim-0 has-background-dim\"><\/span><div class=\"wp-block-cover__inner-container is-layout-flow wp-block-cover-is-layout-flow\">\n<p class=\"has-text-align-center has-large-font-size\">Habitaci\u00f3n Privada (loft)<\/p>\n<\/div><\/div>\n\n\n\n<hr class=\"is-style-default wp-block-separator has-css-opacity\"\/>\n\n\n\n<div class=\"wp-block-cover aligncenter\" style=\"min-height:507px;aspect-ratio:unset;\"><img data-recalc-dims=\"1\" loading=\"lazy\" decoding=\"async\" width=\"1024\" height=\"682\" class=\"wp-block-cover__image-background wp-image-984 size-large\" alt=\"\" src=\"https:\/\/i0.wp.com\/casachangomexico.com\/wp-content\/uploads\/2026\/01\/Dorm-2026.jpeg?resize=1024%2C682&#038;ssl=1\" style=\"object-position:50% 57%\" data-object-fit=\"cover\" data-object-position=\"50% 57%\" srcset=\"https:\/\/i0.wp.com\/casachangomexico.com\/wp-content\/uploads\/2026\/01\/Dorm-2026-scaled.jpeg?resize=1024%2C682&amp;ssl=1 1024w, https:\/\/i0.wp.com\/casachangomexico.com\/wp-content\/uploads\/2026\/01\/Dorm-2026-scaled.jpeg?resize=300%2C200&amp;ssl=1 300w, https:\/\/i0.wp.com\/casachangomexico.com\/wp-content\/uploads\/2026\/01\/Dorm-2026-scaled.jpeg?resize=768%2C512&amp;ssl=1 768w, https:\/\/i0.wp.com\/casachangomexico.com\/wp-content\/uploads\/2026\/01\/Dorm-2026-scaled.jpeg?resize=1536%2C1024&amp;ssl=1 1536w, https:\/\/i0.wp.com\/casachangomexico.com\/wp-content\/uploads\/2026\/01\/Dorm-2026-scaled.jpeg?resize=2048%2C1365&amp;ssl=1 2048w, https:\/\/i0.wp.com\/casachangomexico.com\/wp-content\/uploads\/2026\/01\/Dorm-2026-scaled.jpeg?resize=18%2C12&amp;ssl=1 18w, https:\/\/i0.wp.com\/casachangomexico.com\/wp-content\/uploads\/2026\/01\/Dorm-2026-scaled.jpeg?resize=600%2C400&amp;ssl=1 600w\" sizes=\"auto, (max-width: 1000px) 100vw, 1000px\" \/><span aria-hidden=\"true\" class=\"wp-block-cover__background has-background-dim-0 has-background-dim\" style=\"background-color:#837572\"><\/span><div class=\"wp-block-cover__inner-container is-layout-flow wp-block-cover-is-layout-flow\">\n<p class=\"has-text-align-center has-large-font-size\">Dormitorio compartido<\/p>\n<\/div><\/div>\n\n\n\n<hr class=\"wp-block-separator has-alpha-channel-opacity\"\/>\n\n\n\n<div class=\"wp-block-cover aligncenter\" style=\"min-height:542px;aspect-ratio:unset;\"><img data-recalc-dims=\"1\" loading=\"lazy\" decoding=\"async\" width=\"1024\" height=\"731\" class=\"wp-block-cover__image-background wp-image-985 size-large\" alt=\"\" src=\"https:\/\/i0.wp.com\/casachangomexico.com\/wp-content\/uploads\/2026\/01\/DormFamily-Room.jpg?resize=1024%2C731&#038;ssl=1\" style=\"object-position:52% 68%\" data-object-fit=\"cover\" data-object-position=\"52% 68%\" srcset=\"https:\/\/i0.wp.com\/casachangomexico.com\/wp-content\/uploads\/2026\/01\/DormFamily-Room-scaled.jpg?resize=1024%2C731&amp;ssl=1 1024w, https:\/\/i0.wp.com\/casachangomexico.com\/wp-content\/uploads\/2026\/01\/DormFamily-Room-scaled.jpg?resize=300%2C214&amp;ssl=1 300w, https:\/\/i0.wp.com\/casachangomexico.com\/wp-content\/uploads\/2026\/01\/DormFamily-Room-scaled.jpg?resize=768%2C548&amp;ssl=1 768w, https:\/\/i0.wp.com\/casachangomexico.com\/wp-content\/uploads\/2026\/01\/DormFamily-Room-scaled.jpg?resize=1536%2C1097&amp;ssl=1 1536w, https:\/\/i0.wp.com\/casachangomexico.com\/wp-content\/uploads\/2026\/01\/DormFamily-Room-scaled.jpg?resize=2048%2C1463&amp;ssl=1 2048w, https:\/\/i0.wp.com\/casachangomexico.com\/wp-content\/uploads\/2026\/01\/DormFamily-Room-scaled.jpg?resize=18%2C12&amp;ssl=1 18w, https:\/\/i0.wp.com\/casachangomexico.com\/wp-content\/uploads\/2026\/01\/DormFamily-Room-scaled.jpg?resize=600%2C428&amp;ssl=1 600w\" sizes=\"auto, (max-width: 1000px) 100vw, 1000px\" \/><span aria-hidden=\"true\" class=\"wp-block-cover__background has-background-dim-0 has-background-dim\" style=\"background-color:#906a5a\"><\/span><div class=\"wp-block-cover__inner-container is-layout-flow wp-block-cover-is-layout-flow\">\n<p class=\"has-text-align-center has-large-font-size\">Family Room<\/p>\n<\/div><\/div>\n\n\n\n<p class=\"has-text-align-center\"><\/p>\n\n\n\n<hr class=\"is-style-default wp-block-separator has-css-opacity\"\/>\n\n\n\n<p class=\"\"><\/p>\n\n\n\n<div class=\"nfd-container nfd-text-md nfd-wb-text__text-1 wp-block-group is-layout-constrained wp-block-group-is-layout-constrained\">\n<div class=\"nfd-max-w-prose wp-block-group is-vertical is-content-justification-left is-layout-flex wp-container-core-group-is-layout-dd225191 wp-block-group-is-layout-flex\">\n<p class=\"\">Casa Chango se encuentra a solo 10 minutos de las playas y mercados de Puerto Escondido. Ofrecemos excursiones a las playas locales, adem\u00e1s de una breve caminata hasta nuestro r\u00edo privado para un refrescante ba\u00f1o en sus aguas cristalinas.<\/p>\n\n\n\n<p class=\"\">Te llevaremos a Puerto Escondido, donde puedes encontrar bares, restaurantes, discotecas, vida nocturna y muchas tiendas y mercados para comprar baratijas mexicanas, ropa de playa y cualquier otra cosa que puedas necesitar. Puerto Escondido es una ciudad segura y acogedora. Para obtener informaci\u00f3n sobre el clima en Puerto Escondido, <a href=\"https:\/\/weatherspark.com\/averages\/32588\/Puerto-Escondido-Oaxaca-Mexico\" target=\"_blank\" rel=\"noopener noreferrer\">haz clic aqu\u00ed<\/a>.<\/p>\n<\/div>\n<\/div>\n\n\n\n<hr class=\"is-style-default wp-block-separator has-css-opacity\"\/>\n\n\n\n<h2 class=\"wp-block-heading has-text-align-center\"><a href=\"\/es\/Reg\u00edstrate ahora.\/\" target=\"_blank\" rel=\"noreferrer noopener\" aria-label=\" (opens in a new tab)\">Reg\u00edstrate ahora.&nbsp;<\/a><\/h2>\n\n\n\n<p class=\"has-text-align-center has-black-color has-text-color\"><strong>\u00a1Si\u00e9ntete como en casa en <em>C<span style=\"color: #000000;\">asa Chango!<\/span><\/em><\/strong><\/p>\n\n\n\n<div class=\"wp-block-cover aligncenter\" style=\"min-height:398px;aspect-ratio:unset;\"><img data-recalc-dims=\"1\" decoding=\"async\" class=\"wp-block-cover__image-background wp-image-15859\" alt=\"\" src=\"https:\/\/i0.wp.com\/www.sweetretreatsdr.com\/wp-content\/uploads\/2023\/08\/cs3-view-sunset-Tailor.jpeg\" style=\"object-position:58% 28%\" data-object-fit=\"cover\" data-object-position=\"58% 28%\"\/><span aria-hidden=\"true\" class=\"wp-block-cover__background has-background-dim-0 has-background-dim\"><\/span><div class=\"wp-block-cover__inner-container is-layout-flow wp-block-cover-is-layout-flow\">\n<p class=\"has-text-align-center has-large-font-size\"><\/p>\n<\/div><\/div>\n\n\n\n<hr class=\"is-style-wide wp-block-separator has-css-opacity\"\/>\n\n\n\n<p class=\"has-small-font-size\">Para m\u00e1s informaci\u00f3n sobre el clima en Puerto Escondido, <a href=\"https:\/\/weatherspark.com\/averages\/32588\/Puerto-Escondido-Oaxaca-Mexico\" target=\"_blank\" rel=\"noopener noreferrer\">haz clic aqu\u00ed<\/a>.<\/p>","protected":false},"excerpt":{"rendered":"<p>Casa Chango&nbsp;Retreat Center nestled in nature along the river just 1 mile from the beach. &nbsp;In addition to clean and safe accommodations, there is a swimming pool, an ocean view community eating area, a huge open air circus gym for aerial &amp; acrobatics training, lots of hammocks for relaxing, and plenty of nooks to explore. [&hellip;]<\/p>\n","protected":false},"author":1,"featured_media":33,"parent":0,"menu_order":0,"comment_status":"closed","ping_status":"closed","template":"","meta":{"nf_dc_page":"","om_disable_all_campaigns":false,"_monsterinsights_skip_tracking":false,"_monsterinsights_sitenote_active":false,"_monsterinsights_sitenote_note":"","_monsterinsights_sitenote_category":0,"footnotes":""},"class_list":["post-78","page","type-page","status-publish","has-post-thumbnail","hentry"],"yoast_head":"<!-- This site is optimized with the Yoast SEO plugin v27.4 - https:\/\/yoast.com\/product\/yoast-seo-wordpress\/ -->\n<title>Accommodations at Casa Chango Mexico - Casa Chango Mexico eco-chic retreat center creativity &amp; connection with nature<\/title>\n<meta name=\"robots\" content=\"index, follow, max-snippet:-1, max-image-preview:large, max-video-preview:-1\" \/>\n<link rel=\"canonical\" href=\"https:\/\/casachangomexico.com\/es\/accommodations\/\" \/>\n<meta property=\"og:locale\" content=\"es_MX\" \/>\n<meta property=\"og:type\" content=\"article\" \/>\n<meta property=\"og:title\" content=\"Accommodations at Casa Chango Mexico - Casa Chango Mexico eco-chic retreat center creativity &amp; connection with nature\" \/>\n<meta property=\"og:description\" content=\"Casa Chango&nbsp;Retreat Center nestled in nature along the river just 1 mile from the beach. &nbsp;In addition to clean and safe accommodations, there is a swimming pool, an ocean view community eating area, a huge open air circus gym for aerial &amp; acrobatics training, lots of hammocks for relaxing, and plenty of nooks to explore. [&hellip;]\" \/>\n<meta property=\"og:url\" content=\"https:\/\/casachangomexico.com\/es\/accommodations\/\" \/>\n<meta property=\"og:site_name\" content=\"Casa Chango Mexico eco-chic retreat center creativity &amp; connection with nature\" \/>\n<meta property=\"article:publisher\" content=\"https:\/\/www.facebook.com\/CasaChangoMexico\" \/>\n<meta property=\"article:modified_time\" content=\"2026-01-12T20:20:02+00:00\" \/>\n<meta property=\"og:image\" content=\"https:\/\/casachangomexico.com\/wp-content\/uploads\/2024\/09\/7M4A4438-scaled.jpeg\" \/>\n\t<meta property=\"og:image:width\" content=\"2560\" \/>\n\t<meta property=\"og:image:height\" content=\"1440\" \/>\n\t<meta property=\"og:image:type\" content=\"image\/jpeg\" \/>\n<meta name=\"twitter:card\" content=\"summary_large_image\" \/>\n<meta name=\"twitter:label1\" content=\"Tiempo de lectura\" \/>\n\t<meta name=\"twitter:data1\" content=\"3 minutos\" \/>\n<script type=\"application\/ld+json\" class=\"yoast-schema-graph\">{\"@context\":\"https:\\\/\\\/schema.org\",\"@graph\":[{\"@type\":\"WebPage\",\"@id\":\"https:\\\/\\\/casachangomexico.com\\\/accommodations\\\/\",\"url\":\"https:\\\/\\\/casachangomexico.com\\\/accommodations\\\/\",\"name\":\"Accommodations at Casa Chango Mexico - Casa Chango Mexico eco-chic retreat center creativity &amp; connection with nature\",\"isPartOf\":{\"@id\":\"https:\\\/\\\/ohw.fmn.mybluehost.me\\\/casachangomexico\\\/#website\"},\"primaryImageOfPage\":{\"@id\":\"https:\\\/\\\/casachangomexico.com\\\/accommodations\\\/#primaryimage\"},\"image\":{\"@id\":\"https:\\\/\\\/casachangomexico.com\\\/accommodations\\\/#primaryimage\"},\"thumbnailUrl\":\"https:\\\/\\\/i0.wp.com\\\/casachangomexico.com\\\/wp-content\\\/uploads\\\/2024\\\/09\\\/7M4A4438-scaled.jpeg?fit=2560%2C1440&ssl=1\",\"datePublished\":\"2024-09-06T18:23:49+00:00\",\"dateModified\":\"2026-01-12T20:20:02+00:00\",\"breadcrumb\":{\"@id\":\"https:\\\/\\\/casachangomexico.com\\\/accommodations\\\/#breadcrumb\"},\"inLanguage\":\"es\",\"potentialAction\":[{\"@type\":\"ReadAction\",\"target\":[\"https:\\\/\\\/casachangomexico.com\\\/accommodations\\\/\"]}]},{\"@type\":\"ImageObject\",\"inLanguage\":\"es\",\"@id\":\"https:\\\/\\\/casachangomexico.com\\\/accommodations\\\/#primaryimage\",\"url\":\"https:\\\/\\\/i0.wp.com\\\/casachangomexico.com\\\/wp-content\\\/uploads\\\/2024\\\/09\\\/7M4A4438-scaled.jpeg?fit=2560%2C1440&ssl=1\",\"contentUrl\":\"https:\\\/\\\/i0.wp.com\\\/casachangomexico.com\\\/wp-content\\\/uploads\\\/2024\\\/09\\\/7M4A4438-scaled.jpeg?fit=2560%2C1440&ssl=1\",\"width\":2560,\"height\":1440},{\"@type\":\"BreadcrumbList\",\"@id\":\"https:\\\/\\\/casachangomexico.com\\\/accommodations\\\/#breadcrumb\",\"itemListElement\":[{\"@type\":\"ListItem\",\"position\":1,\"name\":\"Home\",\"item\":\"https:\\\/\\\/casachangomexico.com\\\/\"},{\"@type\":\"ListItem\",\"position\":2,\"name\":\"Accommodations at Casa Chango Mexico\"}]},{\"@type\":\"WebSite\",\"@id\":\"https:\\\/\\\/ohw.fmn.mybluehost.me\\\/casachangomexico\\\/#website\",\"url\":\"https:\\\/\\\/ohw.fmn.mybluehost.me\\\/casachangomexico\\\/\",\"name\":\"Casa Chango Mexico eco-chic retreat center creativity &amp; connection with nature\",\"description\":\"Extraordinary setting for anyone who wants to relax, play, practice movement, create, explore, rediscover themselves &amp; connect with nature. \\n\",\"publisher\":{\"@id\":\"https:\\\/\\\/ohw.fmn.mybluehost.me\\\/casachangomexico\\\/#organization\"},\"potentialAction\":[{\"@type\":\"SearchAction\",\"target\":{\"@type\":\"EntryPoint\",\"urlTemplate\":\"https:\\\/\\\/ohw.fmn.mybluehost.me\\\/casachangomexico\\\/?s={search_term_string}\"},\"query-input\":{\"@type\":\"PropertyValueSpecification\",\"valueRequired\":true,\"valueName\":\"search_term_string\"}}],\"inLanguage\":\"es\"},{\"@type\":\"Organization\",\"@id\":\"https:\\\/\\\/ohw.fmn.mybluehost.me\\\/casachangomexico\\\/#organization\",\"name\":\"Casa Chango Mexico eco-chic retreat center creativity &amp; connection with nature\",\"url\":\"https:\\\/\\\/ohw.fmn.mybluehost.me\\\/casachangomexico\\\/\",\"logo\":{\"@type\":\"ImageObject\",\"inLanguage\":\"es\",\"@id\":\"https:\\\/\\\/ohw.fmn.mybluehost.me\\\/casachangomexico\\\/#\\\/schema\\\/logo\\\/image\\\/\",\"url\":\"https:\\\/\\\/i0.wp.com\\\/casachangomexico.com\\\/wp-content\\\/uploads\\\/2024\\\/09\\\/Casa-Chango-Logo-w-leaves-2024-no-background-1.png?fit=517%2C279&ssl=1\",\"contentUrl\":\"https:\\\/\\\/i0.wp.com\\\/casachangomexico.com\\\/wp-content\\\/uploads\\\/2024\\\/09\\\/Casa-Chango-Logo-w-leaves-2024-no-background-1.png?fit=517%2C279&ssl=1\",\"width\":517,\"height\":279,\"caption\":\"Casa Chango Mexico eco-chic retreat center creativity &amp; connection with nature\"},\"image\":{\"@id\":\"https:\\\/\\\/ohw.fmn.mybluehost.me\\\/casachangomexico\\\/#\\\/schema\\\/logo\\\/image\\\/\"},\"sameAs\":[\"https:\\\/\\\/www.facebook.com\\\/CasaChangoMexico\"]}]}<\/script>\n<!-- \/ Yoast SEO plugin. -->","yoast_head_json":{"title":"Accommodations at Casa Chango Mexico - Casa Chango Mexico eco-chic retreat center creativity &amp; connection with nature","robots":{"index":"index","follow":"follow","max-snippet":"max-snippet:-1","max-image-preview":"max-image-preview:large","max-video-preview":"max-video-preview:-1"},"canonical":"https:\/\/casachangomexico.com\/es\/accommodations\/","og_locale":"es_MX","og_type":"article","og_title":"Accommodations at Casa Chango Mexico - Casa Chango Mexico eco-chic retreat center creativity &amp; connection with nature","og_description":"Casa Chango&nbsp;Retreat Center nestled in nature along the river just 1 mile from the beach. &nbsp;In addition to clean and safe accommodations, there is a swimming pool, an ocean view community eating area, a huge open air circus gym for aerial &amp; acrobatics training, lots of hammocks for relaxing, and plenty of nooks to explore. [&hellip;]","og_url":"https:\/\/casachangomexico.com\/es\/accommodations\/","og_site_name":"Casa Chango Mexico eco-chic retreat center creativity &amp; connection with nature","article_publisher":"https:\/\/www.facebook.com\/CasaChangoMexico","article_modified_time":"2026-01-12T20:20:02+00:00","og_image":[{"width":2560,"height":1440,"url":"https:\/\/casachangomexico.com\/wp-content\/uploads\/2024\/09\/7M4A4438-scaled.jpeg","type":"image\/jpeg"}],"twitter_card":"summary_large_image","twitter_misc":{"Tiempo de lectura":"3 minutos"},"schema":{"@context":"https:\/\/schema.org","@graph":[{"@type":"WebPage","@id":"https:\/\/casachangomexico.com\/accommodations\/","url":"https:\/\/casachangomexico.com\/accommodations\/","name":"Accommodations at Casa Chango Mexico - Casa Chango Mexico eco-chic retreat center creativity &amp; connection with nature","isPartOf":{"@id":"https:\/\/ohw.fmn.mybluehost.me\/casachangomexico\/#website"},"primaryImageOfPage":{"@id":"https:\/\/casachangomexico.com\/accommodations\/#primaryimage"},"image":{"@id":"https:\/\/casachangomexico.com\/accommodations\/#primaryimage"},"thumbnailUrl":"https:\/\/i0.wp.com\/casachangomexico.com\/wp-content\/uploads\/2024\/09\/7M4A4438-scaled.jpeg?fit=2560%2C1440&ssl=1","datePublished":"2024-09-06T18:23:49+00:00","dateModified":"2026-01-12T20:20:02+00:00","breadcrumb":{"@id":"https:\/\/casachangomexico.com\/accommodations\/#breadcrumb"},"inLanguage":"es","potentialAction":[{"@type":"ReadAction","target":["https:\/\/casachangomexico.com\/accommodations\/"]}]},{"@type":"ImageObject","inLanguage":"es","@id":"https:\/\/casachangomexico.com\/accommodations\/#primaryimage","url":"https:\/\/i0.wp.com\/casachangomexico.com\/wp-content\/uploads\/2024\/09\/7M4A4438-scaled.jpeg?fit=2560%2C1440&ssl=1","contentUrl":"https:\/\/i0.wp.com\/casachangomexico.com\/wp-content\/uploads\/2024\/09\/7M4A4438-scaled.jpeg?fit=2560%2C1440&ssl=1","width":2560,"height":1440},{"@type":"BreadcrumbList","@id":"https:\/\/casachangomexico.com\/accommodations\/#breadcrumb","itemListElement":[{"@type":"ListItem","position":1,"name":"Home","item":"https:\/\/casachangomexico.com\/"},{"@type":"ListItem","position":2,"name":"Accommodations at Casa Chango Mexico"}]},{"@type":"WebSite","@id":"https:\/\/ohw.fmn.mybluehost.me\/casachangomexico\/#website","url":"https:\/\/ohw.fmn.mybluehost.me\/casachangomexico\/","name":"Casa Chango Mexico eco-chic retreat center creativity &amp; connection with nature","description":"Extraordinary setting for anyone who wants to relax, play, practice movement, create, explore, rediscover themselves &amp; connect with nature.","publisher":{"@id":"https:\/\/ohw.fmn.mybluehost.me\/casachangomexico\/#organization"},"potentialAction":[{"@type":"SearchAction","target":{"@type":"EntryPoint","urlTemplate":"https:\/\/ohw.fmn.mybluehost.me\/casachangomexico\/?s={search_term_string}"},"query-input":{"@type":"PropertyValueSpecification","valueRequired":true,"valueName":"search_term_string"}}],"inLanguage":"es"},{"@type":"Organization","@id":"https:\/\/ohw.fmn.mybluehost.me\/casachangomexico\/#organization","name":"Casa Chango Mexico eco-chic retreat center creativity &amp; connection with nature","url":"https:\/\/ohw.fmn.mybluehost.me\/casachangomexico\/","logo":{"@type":"ImageObject","inLanguage":"es","@id":"https:\/\/ohw.fmn.mybluehost.me\/casachangomexico\/#\/schema\/logo\/image\/","url":"https:\/\/i0.wp.com\/casachangomexico.com\/wp-content\/uploads\/2024\/09\/Casa-Chango-Logo-w-leaves-2024-no-background-1.png?fit=517%2C279&ssl=1","contentUrl":"https:\/\/i0.wp.com\/casachangomexico.com\/wp-content\/uploads\/2024\/09\/Casa-Chango-Logo-w-leaves-2024-no-background-1.png?fit=517%2C279&ssl=1","width":517,"height":279,"caption":"Casa Chango Mexico eco-chic retreat center creativity &amp; connection with nature"},"image":{"@id":"https:\/\/ohw.fmn.mybluehost.me\/casachangomexico\/#\/schema\/logo\/image\/"},"sameAs":["https:\/\/www.facebook.com\/CasaChangoMexico"]}]}},"jetpack_sharing_enabled":true,"_links":{"self":[{"href":"https:\/\/casachangomexico.com\/es\/wp-json\/wp\/v2\/pages\/78","targetHints":{"allow":["GET"]}}],"collection":[{"href":"https:\/\/casachangomexico.com\/es\/wp-json\/wp\/v2\/pages"}],"about":[{"href":"https:\/\/casachangomexico.com\/es\/wp-json\/wp\/v2\/types\/page"}],"author":[{"embeddable":true,"href":"https:\/\/casachangomexico.com\/es\/wp-json\/wp\/v2\/users\/1"}],"replies":[{"embeddable":true,"href":"https:\/\/casachangomexico.com\/es\/wp-json\/wp\/v2\/comments?post=78"}],"version-history":[{"count":6,"href":"https:\/\/casachangomexico.com\/es\/wp-json\/wp\/v2\/pages\/78\/revisions"}],"predecessor-version":[{"id":986,"href":"https:\/\/casachangomexico.com\/es\/wp-json\/wp\/v2\/pages\/78\/revisions\/986"}],"wp:featuredmedia":[{"embeddable":true,"href":"https:\/\/casachangomexico.com\/es\/wp-json\/wp\/v2\/media\/33"}],"wp:attachment":[{"href":"https:\/\/casachangomexico.com\/es\/wp-json\/wp\/v2\/media?parent=78"}],"curies":[{"name":"wp","href":"https:\/\/api.w.org\/{rel}","templated":true}]}}