{"id":199,"date":"2024-09-07T02:55:30","date_gmt":"2024-09-07T02:55:30","guid":{"rendered":"https:\/\/casachangomexico.com\/?page_id=199"},"modified":"2024-09-07T02:55:33","modified_gmt":"2024-09-07T02:55:33","slug":"faqs","status":"publish","type":"page","link":"https:\/\/casachangomexico.com\/es\/faqs\/","title":{"rendered":"Preguntas Frecuentes"},"content":{"rendered":"<div class=\"nfd-gap-xl wp-block-group is-vertical is-content-justification-center is-layout-flex wp-container-core-group-is-layout-ce155fab wp-block-group-is-layout-flex\">\n<div class=\"wp-block-group is-nowrap is-layout-flex wp-container-core-group-is-layout-6c531013 wp-block-group-is-layout-flex\"><\/div>\n\n\n\n<h2 class=\"nfd-text-contrast nfd-text-giga nfd-text-balance wp-block-heading has-text-align-center has-primary-color has-text-color has-link-color has-large-font-size wp-elements-ff9e40e9c3446cbd31d0632829d0353c\" style=\"font-style:normal;font-weight:500\">Preguntas Frecuentes<\/h2>\n<\/div>\n\n\n\n<div class=\"nfd-gap-2xl wp-block-group is-vertical is-layout-flex wp-container-core-group-is-layout-fe9cc265 wp-block-group-is-layout-flex\">\n<div class=\"nfd-gap-xl nfd-gap-y-2xl wp-block-columns is-layout-flex wp-container-core-columns-is-layout-28f84493 wp-block-columns-is-layout-flex\">\n<div class=\"wp-block-column is-layout-flow wp-block-column-is-layout-flow\">\n<div class=\"nfd-gap-sm wp-block-group is-vertical is-layout-flex wp-container-core-group-is-layout-fe9cc265 wp-block-group-is-layout-flex\">\n<h3 class=\"wp-block-heading nfd-text-md nfd-text-contrast has-primary-color has-text-color has-link-color wp-elements-da4ca04f40a355ecca631a309a5c91fe\" style=\"font-style:normal;font-weight:500\">\u00bfC\u00f3mo llego all\u00ed?<\/h3>\n\n\n\n<p class=\"nfd-text-faded nfd-text-base has-primary-color has-text-color has-link-color wp-elements-52f66852d1d56d2b748c216aea496c80\">Vuela al aeropuerto de Puerto Escondido, M\u00e9xico (PXM). Encuentra m\u00e1s consejos de viaje<a href=\"https:\/\/casachangomexico.com\/es\/travel-tips\/\" target=\"_blank\" rel=\"noreferrer noopener\"> en esta p\u00e1gina.<\/a><\/p>\n<\/div>\n<\/div>\n\n\n\n<div class=\"wp-block-column is-layout-flow wp-block-column-is-layout-flow\">\n<div class=\"nfd-gap-sm wp-block-group is-vertical is-layout-flex wp-container-core-group-is-layout-fe9cc265 wp-block-group-is-layout-flex\">\n<h3 class=\"wp-block-heading nfd-text-md nfd-text-contrast has-primary-color has-text-color has-link-color wp-elements-8ba8d3425f9463c9c5c12b162c77b101\" style=\"font-style:normal;font-weight:500\">\u00bfEs seguro?<\/h3>\n\n\n\n<p class=\"nfd-text-faded nfd-text-base has-primary-color has-text-color has-link-color wp-elements-63b006ddfd5542d6ea4e67ed1b2fff6b\">Esta zona de M\u00e9xico est\u00e1 llena de viajeros de todo el mundo. Es un lugar seguro para explorar. Adem\u00e1s, te llevaremos a nuestros lugares favoritos.<\/p>\n<\/div>\n<\/div>\n\n\n\n<div class=\"wp-block-column is-layout-flow wp-block-column-is-layout-flow\">\n<div class=\"nfd-gap-sm wp-block-group is-vertical is-layout-flex wp-container-core-group-is-layout-fe9cc265 wp-block-group-is-layout-flex\">\n<h3 class=\"wp-block-heading nfd-text-md nfd-text-contrast has-primary-color has-text-color has-link-color wp-elements-691d726b36c3fc50f5a7a7b83a57c9f8\" style=\"font-style:normal;font-weight:500\">Soy vegetariano. \u00bfHabr\u00e1 comida para m\u00ed?<\/h3>\n\n\n\n<p class=\"nfd-text-faded nfd-text-base has-primary-color has-text-color has-link-color wp-elements-b1279883b3c1b93254ce6ac86aebb0e8\">Disfrutar\u00e1s de comidas frescas que deleitar\u00e1n tu paladar y te dejar\u00e1n satisfecho y con energ\u00eda. Ofrecemos el equilibrio perfecto entre alimentos a base de vegetales, carne, pescado y dulces. Nos adaptamos a la mayor\u00eda de las restricciones alimentarias.<\/p>\n<\/div>\n<\/div>\n<\/div>\n\n\n\n<div class=\"nfd-gap-xl nfd-gap-y-2xl wp-block-columns is-layout-flex wp-container-core-columns-is-layout-28f84493 wp-block-columns-is-layout-flex\">\n<div class=\"wp-block-column is-layout-flow wp-block-column-is-layout-flow\">\n<div class=\"nfd-gap-sm wp-block-group is-vertical is-layout-flex wp-container-core-group-is-layout-fe9cc265 wp-block-group-is-layout-flex\">\n<h3 class=\"wp-block-heading nfd-text-md nfd-text-contrast has-primary-color has-text-color has-link-color wp-elements-7d53b8c88f2b0a12dc9eb917522f3293\" style=\"font-style:normal;font-weight:500\">\u00bfC\u00f3mo es un retiro ecol\u00f3gico?<\/h3>\n\n\n\n<p class=\"nfd-text-faded nfd-text-base has-primary-color has-text-color has-link-color wp-elements-0a1520eadbf84afeeefec427204dea5d\">Casa Chango est\u00e1 inmersa en la naturaleza. Despierta con el canto de los p\u00e1jaros. Duerme con el sonido del r\u00edo y el oc\u00e9ano. Vive sin conexi\u00f3n a la red el\u00e9ctrica gracias a la energ\u00eda solar, los inodoros de compostaje y  sin olores; reconecta con la naturaleza a tu manera. <\/p>\n<\/div>\n<\/div>\n\n\n\n<div class=\"wp-block-column is-layout-flow wp-block-column-is-layout-flow\">\n<div class=\"nfd-gap-sm wp-block-group is-vertical is-layout-flex wp-container-core-group-is-layout-fe9cc265 wp-block-group-is-layout-flex\">\n<h3 class=\"wp-block-heading nfd-text-md nfd-text-contrast has-primary-color has-text-color has-link-color wp-elements-1b6880e0115b3c500dabe36a4c640ab8\" style=\"font-style:normal;font-weight:500\">\u00bfHabr\u00e1 tiempo libre para relajarme?<\/h3>\n\n\n\n<p class=\"nfd-text-faded nfd-text-base has-primary-color has-text-color has-link-color wp-elements-0d0322a32f3c1e50927732f41d4cdd7d\">Dominamos el arte de un retiro equilibrado. Con el ejercicio y la actividad necesarios,  y el tiempo para uno mismo para relajarse, nadar, dormir la siesta, leer y conectar.<\/p>\n<\/div>\n<\/div>\n\n\n\n<div class=\"wp-block-column is-layout-flow wp-block-column-is-layout-flow\">\n<div class=\"nfd-gap-sm wp-block-group is-vertical is-layout-flex wp-container-core-group-is-layout-fe9cc265 wp-block-group-is-layout-flex\">\n<h3 class=\"wp-block-heading nfd-text-md nfd-text-contrast has-primary-color has-text-color has-link-color wp-elements-6a8296d215d18346397c6570dc202a0c\" style=\"font-style:normal;font-weight:500\">\u00bfQu\u00e9 significa comunidad creativa?<\/h3>\n\n\n\n<p class=\"nfd-text-faded nfd-text-base has-primary-color has-text-color has-link-color wp-elements-127feada5b14db9aaca215ed00bdaa60\">Casa Chango es creada y presentada por artistas que invitan a todos a ser ellos mismos, expresarse y celebrar la vida. Est\u00e1s invitado a ser t\u00fa mismo y a dejar que la comunidad te acompa\u00f1e.<\/p>\n<\/div>\n<\/div>\n<\/div>\n<\/div>","protected":false},"excerpt":{"rendered":"<p>Frequently Asked Questions How do I get there? Fly into Puerto Escondido, Mexico (PXM) airport. Find more travel tips on this page. Is it safe? This area of Mexico is full of travelers from all over. the world. It is a safe place to explore. Also we will take you to our favorite spots. I [&hellip;]<\/p>\n","protected":false},"author":1,"featured_media":0,"parent":0,"menu_order":0,"comment_status":"closed","ping_status":"closed","template":"","meta":{"nf_dc_page":"","om_disable_all_campaigns":false,"_monsterinsights_skip_tracking":false,"_monsterinsights_sitenote_active":false,"_monsterinsights_sitenote_note":"","_monsterinsights_sitenote_category":0,"footnotes":""},"class_list":["post-199","page","type-page","status-publish","hentry"],"yoast_head":"<!-- This site is optimized with the Yoast SEO plugin v27.4 - https:\/\/yoast.com\/product\/yoast-seo-wordpress\/ -->\n<title>FAQs - Casa Chango Mexico eco-chic retreat center creativity &amp; connection with nature<\/title>\n<meta name=\"robots\" content=\"index, follow, max-snippet:-1, max-image-preview:large, max-video-preview:-1\" \/>\n<link rel=\"canonical\" href=\"https:\/\/casachangomexico.com\/es\/faqs\/\" \/>\n<meta property=\"og:locale\" content=\"es_MX\" \/>\n<meta property=\"og:type\" content=\"article\" \/>\n<meta property=\"og:title\" content=\"FAQs - Casa Chango Mexico eco-chic retreat center creativity &amp; connection with nature\" \/>\n<meta property=\"og:description\" content=\"Frequently Asked Questions How do I get there? Fly into Puerto Escondido, Mexico (PXM) airport. Find more travel tips on this page. Is it safe? This area of Mexico is full of travelers from all over. the world. It is a safe place to explore. Also we will take you to our favorite spots. I [&hellip;]\" \/>\n<meta property=\"og:url\" content=\"https:\/\/casachangomexico.com\/es\/faqs\/\" \/>\n<meta property=\"og:site_name\" content=\"Casa Chango Mexico eco-chic retreat center creativity &amp; connection with nature\" \/>\n<meta property=\"article:publisher\" content=\"https:\/\/www.facebook.com\/CasaChangoMexico\" \/>\n<meta property=\"article:modified_time\" content=\"2024-09-07T02:55:33+00:00\" \/>\n<meta name=\"twitter:card\" content=\"summary_large_image\" \/>\n<meta name=\"twitter:label1\" content=\"Tiempo de lectura\" \/>\n\t<meta name=\"twitter:data1\" content=\"1 minuto\" \/>\n<script type=\"application\/ld+json\" class=\"yoast-schema-graph\">{\"@context\":\"https:\\\/\\\/schema.org\",\"@graph\":[{\"@type\":\"WebPage\",\"@id\":\"https:\\\/\\\/casachangomexico.com\\\/faqs\\\/\",\"url\":\"https:\\\/\\\/casachangomexico.com\\\/faqs\\\/\",\"name\":\"FAQs - Casa Chango Mexico eco-chic retreat center creativity &amp; connection with nature\",\"isPartOf\":{\"@id\":\"https:\\\/\\\/ohw.fmn.mybluehost.me\\\/casachangomexico\\\/#website\"},\"datePublished\":\"2024-09-07T02:55:30+00:00\",\"dateModified\":\"2024-09-07T02:55:33+00:00\",\"breadcrumb\":{\"@id\":\"https:\\\/\\\/casachangomexico.com\\\/faqs\\\/#breadcrumb\"},\"inLanguage\":\"es\",\"potentialAction\":[{\"@type\":\"ReadAction\",\"target\":[\"https:\\\/\\\/casachangomexico.com\\\/faqs\\\/\"]}]},{\"@type\":\"BreadcrumbList\",\"@id\":\"https:\\\/\\\/casachangomexico.com\\\/faqs\\\/#breadcrumb\",\"itemListElement\":[{\"@type\":\"ListItem\",\"position\":1,\"name\":\"Home\",\"item\":\"https:\\\/\\\/casachangomexico.com\\\/\"},{\"@type\":\"ListItem\",\"position\":2,\"name\":\"FAQs\"}]},{\"@type\":\"WebSite\",\"@id\":\"https:\\\/\\\/ohw.fmn.mybluehost.me\\\/casachangomexico\\\/#website\",\"url\":\"https:\\\/\\\/ohw.fmn.mybluehost.me\\\/casachangomexico\\\/\",\"name\":\"Casa Chango Mexico eco-chic retreat center creativity &amp; connection with nature\",\"description\":\"Extraordinary setting for anyone who wants to relax, play, practice movement, create, explore, rediscover themselves &amp; connect with nature. \\n\",\"publisher\":{\"@id\":\"https:\\\/\\\/ohw.fmn.mybluehost.me\\\/casachangomexico\\\/#organization\"},\"potentialAction\":[{\"@type\":\"SearchAction\",\"target\":{\"@type\":\"EntryPoint\",\"urlTemplate\":\"https:\\\/\\\/ohw.fmn.mybluehost.me\\\/casachangomexico\\\/?s={search_term_string}\"},\"query-input\":{\"@type\":\"PropertyValueSpecification\",\"valueRequired\":true,\"valueName\":\"search_term_string\"}}],\"inLanguage\":\"es\"},{\"@type\":\"Organization\",\"@id\":\"https:\\\/\\\/ohw.fmn.mybluehost.me\\\/casachangomexico\\\/#organization\",\"name\":\"Casa Chango Mexico eco-chic retreat center creativity &amp; connection with nature\",\"url\":\"https:\\\/\\\/ohw.fmn.mybluehost.me\\\/casachangomexico\\\/\",\"logo\":{\"@type\":\"ImageObject\",\"inLanguage\":\"es\",\"@id\":\"https:\\\/\\\/ohw.fmn.mybluehost.me\\\/casachangomexico\\\/#\\\/schema\\\/logo\\\/image\\\/\",\"url\":\"https:\\\/\\\/i0.wp.com\\\/casachangomexico.com\\\/wp-content\\\/uploads\\\/2024\\\/09\\\/Casa-Chango-Logo-w-leaves-2024-no-background-1.png?fit=517%2C279&ssl=1\",\"contentUrl\":\"https:\\\/\\\/i0.wp.com\\\/casachangomexico.com\\\/wp-content\\\/uploads\\\/2024\\\/09\\\/Casa-Chango-Logo-w-leaves-2024-no-background-1.png?fit=517%2C279&ssl=1\",\"width\":517,\"height\":279,\"caption\":\"Casa Chango Mexico eco-chic retreat center creativity &amp; connection with nature\"},\"image\":{\"@id\":\"https:\\\/\\\/ohw.fmn.mybluehost.me\\\/casachangomexico\\\/#\\\/schema\\\/logo\\\/image\\\/\"},\"sameAs\":[\"https:\\\/\\\/www.facebook.com\\\/CasaChangoMexico\"]}]}<\/script>\n<!-- \/ Yoast SEO plugin. -->","yoast_head_json":{"title":"FAQs - Casa Chango Mexico eco-chic retreat center creativity &amp; connection with nature","robots":{"index":"index","follow":"follow","max-snippet":"max-snippet:-1","max-image-preview":"max-image-preview:large","max-video-preview":"max-video-preview:-1"},"canonical":"https:\/\/casachangomexico.com\/es\/faqs\/","og_locale":"es_MX","og_type":"article","og_title":"FAQs - Casa Chango Mexico eco-chic retreat center creativity &amp; connection with nature","og_description":"Frequently Asked Questions How do I get there? Fly into Puerto Escondido, Mexico (PXM) airport. Find more travel tips on this page. Is it safe? This area of Mexico is full of travelers from all over. the world. It is a safe place to explore. Also we will take you to our favorite spots. I [&hellip;]","og_url":"https:\/\/casachangomexico.com\/es\/faqs\/","og_site_name":"Casa Chango Mexico eco-chic retreat center creativity &amp; connection with nature","article_publisher":"https:\/\/www.facebook.com\/CasaChangoMexico","article_modified_time":"2024-09-07T02:55:33+00:00","twitter_card":"summary_large_image","twitter_misc":{"Tiempo de lectura":"1 minuto"},"schema":{"@context":"https:\/\/schema.org","@graph":[{"@type":"WebPage","@id":"https:\/\/casachangomexico.com\/faqs\/","url":"https:\/\/casachangomexico.com\/faqs\/","name":"FAQs - Casa Chango Mexico eco-chic retreat center creativity &amp; connection with nature","isPartOf":{"@id":"https:\/\/ohw.fmn.mybluehost.me\/casachangomexico\/#website"},"datePublished":"2024-09-07T02:55:30+00:00","dateModified":"2024-09-07T02:55:33+00:00","breadcrumb":{"@id":"https:\/\/casachangomexico.com\/faqs\/#breadcrumb"},"inLanguage":"es","potentialAction":[{"@type":"ReadAction","target":["https:\/\/casachangomexico.com\/faqs\/"]}]},{"@type":"BreadcrumbList","@id":"https:\/\/casachangomexico.com\/faqs\/#breadcrumb","itemListElement":[{"@type":"ListItem","position":1,"name":"Home","item":"https:\/\/casachangomexico.com\/"},{"@type":"ListItem","position":2,"name":"FAQs"}]},{"@type":"WebSite","@id":"https:\/\/ohw.fmn.mybluehost.me\/casachangomexico\/#website","url":"https:\/\/ohw.fmn.mybluehost.me\/casachangomexico\/","name":"Casa Chango Mexico eco-chic retreat center creativity &amp; connection with nature","description":"Extraordinary setting for anyone who wants to relax, play, practice movement, create, explore, rediscover themselves &amp; connect with nature.","publisher":{"@id":"https:\/\/ohw.fmn.mybluehost.me\/casachangomexico\/#organization"},"potentialAction":[{"@type":"SearchAction","target":{"@type":"EntryPoint","urlTemplate":"https:\/\/ohw.fmn.mybluehost.me\/casachangomexico\/?s={search_term_string}"},"query-input":{"@type":"PropertyValueSpecification","valueRequired":true,"valueName":"search_term_string"}}],"inLanguage":"es"},{"@type":"Organization","@id":"https:\/\/ohw.fmn.mybluehost.me\/casachangomexico\/#organization","name":"Casa Chango Mexico eco-chic retreat center creativity &amp; connection with nature","url":"https:\/\/ohw.fmn.mybluehost.me\/casachangomexico\/","logo":{"@type":"ImageObject","inLanguage":"es","@id":"https:\/\/ohw.fmn.mybluehost.me\/casachangomexico\/#\/schema\/logo\/image\/","url":"https:\/\/i0.wp.com\/casachangomexico.com\/wp-content\/uploads\/2024\/09\/Casa-Chango-Logo-w-leaves-2024-no-background-1.png?fit=517%2C279&ssl=1","contentUrl":"https:\/\/i0.wp.com\/casachangomexico.com\/wp-content\/uploads\/2024\/09\/Casa-Chango-Logo-w-leaves-2024-no-background-1.png?fit=517%2C279&ssl=1","width":517,"height":279,"caption":"Casa Chango Mexico eco-chic retreat center creativity &amp; connection with nature"},"image":{"@id":"https:\/\/ohw.fmn.mybluehost.me\/casachangomexico\/#\/schema\/logo\/image\/"},"sameAs":["https:\/\/www.facebook.com\/CasaChangoMexico"]}]}},"jetpack_sharing_enabled":true,"_links":{"self":[{"href":"https:\/\/casachangomexico.com\/es\/wp-json\/wp\/v2\/pages\/199","targetHints":{"allow":["GET"]}}],"collection":[{"href":"https:\/\/casachangomexico.com\/es\/wp-json\/wp\/v2\/pages"}],"about":[{"href":"https:\/\/casachangomexico.com\/es\/wp-json\/wp\/v2\/types\/page"}],"author":[{"embeddable":true,"href":"https:\/\/casachangomexico.com\/es\/wp-json\/wp\/v2\/users\/1"}],"replies":[{"embeddable":true,"href":"https:\/\/casachangomexico.com\/es\/wp-json\/wp\/v2\/comments?post=199"}],"version-history":[{"count":1,"href":"https:\/\/casachangomexico.com\/es\/wp-json\/wp\/v2\/pages\/199\/revisions"}],"predecessor-version":[{"id":200,"href":"https:\/\/casachangomexico.com\/es\/wp-json\/wp\/v2\/pages\/199\/revisions\/200"}],"wp:attachment":[{"href":"https:\/\/casachangomexico.com\/es\/wp-json\/wp\/v2\/media?parent=199"}],"curies":[{"name":"wp","href":"https:\/\/api.w.org\/{rel}","templated":true}]}}